{"id":9379,"date":"2023-06-20T19:38:19","date_gmt":"2023-06-20T19:38:19","guid":{"rendered":"https:\/\/dentaldrphillips.com\/unitedhealthcare-dental-insurance-plans\/"},"modified":"2026-04-01T12:27:05","modified_gmt":"2026-04-01T16:27:05","slug":"unitedhealthcare-dental-insurance-plans","status":"publish","type":"page","link":"https:\/\/dentaldrphillips.com\/es\/unitedhealthcare-dental-insurance-plans\/","title":{"rendered":"Planes de seguro dental de UnitedHealthcare"},"content":{"rendered":"<div id=\"cs-content\" class=\"cs-content\"><div class=\"x-section e9379-e1 m78j-0 m78j-1 m78j-2 m78j-5 hero_video\" style=\"--tco-dc78j-1:rgb(91, 160, 98);\"><div class=\"x-bg\" aria-hidden=\"true\"><div class=\"x-bg-layer-lower-color\"><\/div><div class=\"x-bg-layer-upper-color\"><\/div><\/div><div class=\"x-row x-container max width e9379-e2 m78j-6 m78j-7 m78j-8 m78j-e m78j-f\"><div class=\"x-row-inner\"><div class=\"x-col e9379-e3 m78j-k m78j-l m78j-m m78j-n m78j-o\"><div class=\"x-div e9379-e4 m78j-t\"><div class=\"x-text x-content e9379-e5 m78j-u m78j-v m78j-w m78j-x m78j-y m78j-z\"><p class=\"p9px txt_white\">Se Habla Espa\u00f1ol<\/p><\/div><div class=\"x-text x-content e9379-e6 m78j-u m78j-v m78j-w m78j-x m78j-y m78j-z\"><p class=\"p9px txt_white\">Citas de urgencia disponibles<\/p><\/div><\/div><div class=\"x-text x-content e9379-e7 m78j-u m78j-w m78j-z m78j-10\"><a class=\"x-image\" href=\"\/es\/homepage\/\" style=\"outline: none;\"><img sizes=\"(max-width: 960px) 100vw, 960px\" srcset=\"https:\/\/dentaldrphillips.com\/wp-content\/uploads\/sites\/15\/2025\/09\/GPI-0128-001_DPD_White_960x328.png 960w, https:\/\/dentaldrphillips.com\/wp-content\/uploads\/sites\/15\/2025\/09\/GPI-0128-001_DPD_White_960x328-300x103.png 300w, https:\/\/dentaldrphillips.com\/wp-content\/uploads\/sites\/15\/2025\/09\/GPI-0128-001_DPD_White_960x328-768x262.png 768w, https:\/\/dentaldrphillips.com\/wp-content\/uploads\/sites\/15\/2025\/09\/GPI-0128-001_DPD_White_960x328-18x6.png 18w, https:\/\/dentaldrphillips.com\/wp-content\/uploads\/sites\/15\/2025\/09\/GPI-0128-001_DPD_White_960x328-100x34.png 100w\" decoding=\"async\" src=\"https:\/\/dentaldrphillips.com\/wp-content\/uploads\/sites\/15\/2025\/09\/GPI-0128-001_DPD_White_960x328.png\" width=\"455\" height=\"164\" alt=\"Dr. Phillips Dentistry Logo\" loading=\"lazy\"><\/a><\/div><\/div><\/div><\/div><div class=\"x-row x-container max width e9379-e8 m78j-6 m78j-8 m78j-9 m78j-e m78j-g\"><div class=\"x-row-inner\"><div class=\"x-col e9379-e9 m78j-k m78j-m m78j-n m78j-o m78j-p m78j-q\"><div class=\"x-text x-content e9379-e10 m78j-u m78j-w m78j-y m78j-11 m78j-12\"><h1 class=\"txt_white\">UnitedHealthcare<sup>\u00ae<\/sup> Planes de seguro<\/h1><\/div><div class=\"x-text x-content e9379-e11 m78j-u m78j-w m78j-z m78j-10\"><p class=\"pdefault\"><a href=\"\/es\/insurances-we-accept\/#od_insuranceblock\" class=\"txt_white\">Volver a la p\u00e1gina de seguros<\/a><\/p><\/div><\/div><\/div><\/div><\/div><div class=\"x-section e9379-e12 m78j-0 m78j-3\" style=\"--tco-dc78j-3:rgba(186, 195, 146, .5);--tco-dc78j-6:rgba(186, 195, 146, .5);\"><div class=\"x-row x-container max width e9379-e13 m78j-6 m78j-8 m78j-a m78j-b m78j-e m78j-h\" style=\"--tco-dc78j-9:rgb(255, 255, 255);--tco-dc78j-c:rgb(255, 255, 255);\"><div class=\"x-row-inner\"><div class=\"x-col e9379-e14 m78j-k m78j-l m78j-o m78j-r\"><div class=\"x-text x-content e9379-e15 m78j-u m78j-w m78j-z m78j-11 m78j-13\"><h2>Dr. Phillips Dentistry acepta los siguientes UnitedHealthcare<sup>\u00ae<\/sup> Planes de seguro<\/h2><\/div><div class=\"x-text x-content e9379-e16 m78j-u m78j-v m78j-w m78j-z m78j-14 m78j-15\"><ul>\r\n\t<li class=\"ins_li\" data-no-translation=\"\" data-no-auto-translation=\"\">In Network Only PPO - INO<\/li>\r\n\t<li class=\"ins_li\" data-no-translation=\"\" data-no-auto-translation=\"\">HealthPlex PPO Network<\/li>\r\n\t<li class=\"ins_li\" data-no-translation=\"\" data-no-auto-translation=\"\">National Options PPO 10 <\/li>\r\n\t<li class=\"ins_li\" data-no-translation=\"\" data-no-auto-translation=\"\">National Options PPO 15<\/li>\r\n\t<li class=\"ins_li\" data-no-translation=\"\" data-no-auto-translation=\"\">National Options PPO 20<\/li>\r\n\t<li class=\"ins_li\" data-no-translation=\"\" data-no-auto-translation=\"\">National Options PPO 25<\/li>\r\n\t<li class=\"ins_li\" data-no-translation=\"\" data-no-auto-translation=\"\">National Options PPO 30<\/li>\r\n\t<li class=\"ins_li\" data-no-translation=\"\" data-no-auto-translation=\"\">PPO National Options Network<\/li>\r\n\t<li class=\"ins_li\" data-no-translation=\"\" data-no-auto-translation=\"\">Medicare Advantage National Network<\/li>\r\n<\/ul>\r\n<\/div><div class=\"x-text x-content e9379-e17 m78j-u m78j-v m78j-w m78j-z m78j-14\"><p class=\"pdefault\"><b>Si no encuentra su seguro aqu\u00ed, por favor <a href=\"\/es\/contact-us\/\">Contacto<\/a> para ayudarle m\u00e1s.<\/b> <i>Tenga en cuenta que actualmente no aceptamos Medicaid ni planes HMO.<\/i><\/p><\/div><div class=\"x-text x-content e9379-e18 m78j-u m78j-v m78j-w m78j-z m78j-14\"><p class=\"pdefault\"><a href=\"\/es\/insurances-we-accept\/#od_insuranceblock\" class=\"txt_under\">Volver a la p\u00e1gina de seguros<\/a><\/p><\/div><\/div><\/div><\/div><div class=\"x-row x-container max width e9379-e19 m78j-6 m78j-8 m78j-a m78j-c m78j-e m78j-i\" style=\"--tco-dc78j-f:rgb(255, 255, 255);--tco-dc78j-i:rgb(255, 255, 255);--tco-dc78j-l:rgb(255, 255, 255);\"><div class=\"x-row-inner\"><div class=\"x-col e9379-e20 m78j-o m78j-s\"><div class=\"x-text x-content e9379-e21 m78j-u m78j-v m78j-14 m78j-16\"><p class=\"pdefault\">UnitedHealthcare proporciona acceso a una amplia red nacional de proveedores dise\u00f1ada para satisfacer sus necesidades de atenci\u00f3n odontol\u00f3gica: odontolog\u00eda general y pedi\u00e1trica, ortodoncia, periodoncia, endodoncia o cirug\u00eda oral, as\u00ed como teledontolog\u00eda las 24 horas del d\u00eda, los 7 d\u00edas de la semana, para necesidades urgentes, y funciones y recompensas de bienestar. Sus planes son personalizables para ajustarse a distintas necesidades y presupuestos, lo que permite a los particulares seleccionar la cobertura que m\u00e1s les convenga. Las prestaciones incluyen la cobertura 100% para cuidados preventivos, limpiezas adicionales y tratamientos no quir\u00fargicos de las enc\u00edas durante el embarazo y tres meses despu\u00e9s, as\u00ed como estrategias integradas de gesti\u00f3n sanitaria dise\u00f1adas para ayudar a sus empleados a retomar los cuidados preventivos o periodontales. Adem\u00e1s, sus herramientas y recursos en l\u00ednea de f\u00e1cil uso permiten a los particulares gestionar eficazmente su salud dental, con funciones como la presentaci\u00f3n de reclamaciones y el acceso a informaci\u00f3n dental personalizada.<\/p>\n<p class=\"pdefault\">Para m\u00e1s informaci\u00f3n, <a href=\"https:\/\/www.uhc.com\/\" target=\"_new\">haga clic aqu\u00ed para visitar su sitio web.<\/a><\/p><\/div><\/div><div class=\"x-col e9379-e22 m78j-k m78j-m m78j-o m78j-p\"><span class=\"x-image e9379-e23 m78j-17\"><img sizes=\"(max-width: 318px) 100vw, 318px\" srcset=\"https:\/\/dentaldrphillips.com\/wp-content\/uploads\/sites\/15\/2020\/08\/united.jpg 318w, https:\/\/dentaldrphillips.com\/wp-content\/uploads\/sites\/15\/2020\/08\/united-300x94.jpg 300w, https:\/\/dentaldrphillips.com\/wp-content\/uploads\/sites\/15\/2020\/08\/united-18x6.jpg 18w, https:\/\/dentaldrphillips.com\/wp-content\/uploads\/sites\/15\/2020\/08\/united-100x31.jpg 100w\" decoding=\"async\" src=\"https:\/\/dentaldrphillips.com\/wp-content\/uploads\/sites\/15\/2020\/08\/united.jpg\" width=\"318\" height=\"100\" alt=\"UnitedHealthcare logo with a stylized blue shield graphic on the left and the words United Healthcare in bold blue text on the right.\"><\/span><\/div><\/div><\/div><\/div><div class=\"x-section e9379-e24 m78j-0 m78j-1 m78j-4\"><div class=\"x-row e9379-e25 m78j-6 m78j-d m78j-e m78j-j\"><div class=\"x-row-inner\"><div class=\"x-col e9379-e26 m78j-o\"><div class=\"cs-content x-global-block x-global-block-9393 e9393-e0\"><div class=\"x-section e9393-e2 m78x-0\" style=\"--tco-dc78x-1:rgb(255, 255, 255);--tco-dc78x-4:rgb(255, 255, 255);\"><div class=\"x-row x-container max width e9393-e3 m78x-1 m78x-2 m78x-3\"><div class=\"x-row-inner\"><div class=\"x-col e9393-e4 m78x-5 m78x-6 m78x-7\"><div class=\"x-text x-content e9393-e5 m78x-a m78x-b\"><h2>Opciones de pago flexibles<\/h2>\n<h3>Para una atenci\u00f3n dental de alta calidad en Orlando<\/h3><\/div><div class=\"x-text x-content e9393-e6 m78x-a m78x-c\"><p class=\"pdefault\">Para su comodidad, el Dr. Phillips Odontolog\u00eda acepta:<\/p>\n\n<ul>\n \t<li class=\"pdefault\">Una amplia gama de planes de seguro dental PPO -<span>\u00a0<\/span><a href=\"\/es\/insurances-we-accept\/\" target=\"_self\"><b>pulse aqu\u00ed<\/b> para ver qu\u00e9 seguros aceptamos<\/a><\/li>\n \t<li class=\"pdefault\">Plan interno de descuentos y ofertas especiales para pacientes sin seguro m\u00e9dico<\/li>\n \t<li class=\"pdefault\">Efectivo y cheque<\/li>\n \t<li class=\"pdefault\">Todas las principales tarjetas de cr\u00e9dito, incluidas MasterCard, VISA, Discover, American Express, etc.<\/li>\n<\/ul>\n<p class=\"pdefault\"><b>NO aceptamos planes HMO ni Medicaid.<\/b><\/p><\/div><\/div><div class=\"x-col e9393-e7 m78x-5 m78x-8 m78x-9\"><a class=\"x-image e9393-e8 m78x-e\" href=\"https:\/\/apply.sunbit.com\/DrPhillipsDentistry\" target=\"_blank\" rel=\"noopener noreferrer\"><img sizes=\"(max-width: 600px) 100vw, 600px\" srcset=\"https:\/\/dentaldrphillips.com\/wp-content\/uploads\/sites\/15\/2025\/11\/Dntl_Web_600x500-1.png 600w, https:\/\/dentaldrphillips.com\/wp-content\/uploads\/sites\/15\/2025\/11\/Dntl_Web_600x500-1-300x250.png 300w, https:\/\/dentaldrphillips.com\/wp-content\/uploads\/sites\/15\/2025\/11\/Dntl_Web_600x500-1-14x12.png 14w, https:\/\/dentaldrphillips.com\/wp-content\/uploads\/sites\/15\/2025\/11\/Dntl_Web_600x500-1-100x83.png 100w\" decoding=\"async\" src=\"https:\/\/dentaldrphillips.com\/wp-content\/uploads\/sites\/15\/2025\/11\/Dntl_Web_600x500-1.png\" width=\"300\" height=\"250\" alt=\"Smile now, Pay-over-time with sunbit\"><\/a><\/div><\/div><\/div><\/div><\/div><\/div><\/div><\/div><\/div><\/div>","protected":false},"excerpt":{"rendered":"<p>Los planes de seguro Dr. Phillips Odontolog\u00eda acepta. \u00a1Llame al 407-226-3350 hoy para programar su cita con nuestros dentistas cualificados y de confianza!<\/p>","protected":false},"author":1,"featured_media":0,"parent":0,"menu_order":0,"comment_status":"closed","ping_status":"closed","template":"template-blank-4.php","meta":{"footnotes":""},"class_list":["post-9379","page","type-page","status-publish","hentry","no-post-thumbnail"],"aioseo_notices":[],"aioseo_head":"\n\t\t<!-- All in One SEO Pro 4.9.5.1 - aioseo.com -->\n\t<meta name=\"description\" content=\"The insurance plans Dr. Phillips Dentistry accepts. Call 407-226-3350 today to schedule your appointment with our skilled and trusted dentists!\" \/>\n\t<meta name=\"robots\" content=\"max-image-preview:large\" \/>\n\t<link rel=\"canonical\" href=\"https:\/\/dentaldrphillips.com\/es\/unitedhealthcare-dental-insurance-plans\/\" \/>\n\t<meta name=\"generator\" content=\"All in One SEO Pro (AIOSEO) 4.9.5.1\" \/>\n\t\t<meta property=\"og:locale\" content=\"es_ES\" \/>\n\t\t<meta property=\"og:site_name\" content=\"Dr. Phillips Dentistry - Dr. Phillips Dentistry\" \/>\n\t\t<meta property=\"og:type\" content=\"article\" \/>\n\t\t<meta property=\"og:title\" content=\"UnitedHealthcare Dental Insurance Plans - Dr. Phillips Dentistry - Dentist Near You\" \/>\n\t\t<meta property=\"og:description\" content=\"The insurance plans Dr. Phillips Dentistry accepts. Call 407-226-3350 today to schedule your appointment with our skilled and trusted dentists!\" \/>\n\t\t<meta property=\"og:url\" content=\"https:\/\/dentaldrphillips.com\/es\/unitedhealthcare-dental-insurance-plans\/\" \/>\n\t\t<meta property=\"og:image\" content=\"https:\/\/dentaldrphillips.com\/wp-content\/uploads\/sites\/15\/2023\/11\/DPD.jpg\" \/>\n\t\t<meta property=\"og:image:secure_url\" content=\"https:\/\/dentaldrphillips.com\/wp-content\/uploads\/sites\/15\/2023\/11\/DPD.jpg\" \/>\n\t\t<meta property=\"og:image:width\" content=\"1200\" \/>\n\t\t<meta property=\"og:image:height\" content=\"630\" \/>\n\t\t<meta property=\"article:published_time\" content=\"2023-06-20T19:38:19+00:00\" \/>\n\t\t<meta property=\"article:modified_time\" content=\"2026-04-01T16:27:05+00:00\" \/>\n\t\t<meta name=\"twitter:card\" content=\"summary\" \/>\n\t\t<meta name=\"twitter:title\" content=\"UnitedHealthcare Dental Insurance Plans - Dr. Phillips Dentistry - Dentist Near You\" \/>\n\t\t<meta name=\"twitter:description\" content=\"The insurance plans Dr. Phillips Dentistry accepts. Call 407-226-3350 today to schedule your appointment with our skilled and trusted dentists!\" \/>\n\t\t<meta name=\"twitter:image\" content=\"https:\/\/dentaldrphillips.com\/wp-content\/uploads\/sites\/15\/2023\/11\/DPD.jpg\" \/>\n\t\t<script type=\"application\/ld+json\" class=\"aioseo-schema\">\n\t\t\t{\"@context\":\"https:\\\/\\\/schema.org\",\"@graph\":[{\"@type\":\"BreadcrumbList\",\"@id\":\"https:\\\/\\\/dentaldrphillips.com\\\/es\\\/unitedhealthcare-dental-insurance-plans\\\/#breadcrumblist\",\"itemListElement\":[{\"@type\":\"ListItem\",\"@id\":\"https:\\\/\\\/dentaldrphillips.com\\\/es#listItem\",\"position\":1,\"name\":\"Home\",\"item\":\"https:\\\/\\\/dentaldrphillips.com\\\/es\",\"nextItem\":{\"@type\":\"ListItem\",\"@id\":\"https:\\\/\\\/dentaldrphillips.com\\\/es\\\/unitedhealthcare-dental-insurance-plans\\\/#listItem\",\"name\":\"UnitedHealthcare Dental Insurance Plans\"}},{\"@type\":\"ListItem\",\"@id\":\"https:\\\/\\\/dentaldrphillips.com\\\/es\\\/unitedhealthcare-dental-insurance-plans\\\/#listItem\",\"position\":2,\"name\":\"UnitedHealthcare Dental Insurance Plans\",\"previousItem\":{\"@type\":\"ListItem\",\"@id\":\"https:\\\/\\\/dentaldrphillips.com\\\/es#listItem\",\"name\":\"Home\"}}]},{\"@type\":\"Organization\",\"@id\":\"https:\\\/\\\/dentaldrphillips.com\\\/es\\\/#organization\",\"name\":\"Dr. Phillips Dentistry\",\"description\":\"Dr. Phillips Dentistry\",\"url\":\"https:\\\/\\\/dentaldrphillips.com\\\/es\\\/\",\"email\":\"contact@dentaldrphillips.com\",\"telephone\":\"+14072263350\",\"logo\":{\"@type\":\"ImageObject\",\"url\":\"http:\\\/\\\/dentaldrphillips.com\\\/wp-content\\\/uploads\\\/2020\\\/10\\\/logo_squaare.jpg\",\"@id\":\"https:\\\/\\\/dentaldrphillips.com\\\/es\\\/unitedhealthcare-dental-insurance-plans\\\/#organizationLogo\"},\"image\":{\"@id\":\"https:\\\/\\\/dentaldrphillips.com\\\/es\\\/unitedhealthcare-dental-insurance-plans\\\/#organizationLogo\"},\"address\":{\"@id\":\"https:\\\/\\\/dentaldrphillips.com\\\/es\\\/#postaladdress\",\"@type\":\"PostalAddress\",\"streetAddress\":\"7800 W Sand Lake Rd Suite 220,\",\"postalCode\":\"32819\",\"addressLocality\":\"Orlando\",\"addressRegion\":\"Florida\",\"addressCountry\":\"US\"}},{\"@type\":\"WebPage\",\"@id\":\"https:\\\/\\\/dentaldrphillips.com\\\/es\\\/unitedhealthcare-dental-insurance-plans\\\/#webpage\",\"url\":\"https:\\\/\\\/dentaldrphillips.com\\\/es\\\/unitedhealthcare-dental-insurance-plans\\\/\",\"name\":\"UnitedHealthcare Dental Insurance Plans - Dr. Phillips Dentistry - Dentist Near You\",\"description\":\"The insurance plans Dr. Phillips Dentistry accepts. Call 407-226-3350 today to schedule your appointment with our skilled and trusted dentists!\",\"inLanguage\":\"es-ES\",\"isPartOf\":{\"@id\":\"https:\\\/\\\/dentaldrphillips.com\\\/es\\\/#website\"},\"breadcrumb\":{\"@id\":\"https:\\\/\\\/dentaldrphillips.com\\\/es\\\/unitedhealthcare-dental-insurance-plans\\\/#breadcrumblist\"},\"datePublished\":\"2023-06-20T19:38:19-04:00\",\"dateModified\":\"2026-04-01T12:27:05-04:00\"},{\"@type\":\"WebSite\",\"@id\":\"https:\\\/\\\/dentaldrphillips.com\\\/es\\\/#website\",\"url\":\"https:\\\/\\\/dentaldrphillips.com\\\/es\\\/\",\"name\":\"Dr. Phillips Dentistry\",\"description\":\"Dr. Phillips Dentistry\",\"inLanguage\":\"es-ES\",\"publisher\":{\"@id\":\"https:\\\/\\\/dentaldrphillips.com\\\/es\\\/#organization\"}}]}\n\t\t<\/script>\n\t\t<!-- All in One SEO Pro -->\r\n\t\t<title>UnitedHealthcare Dental Insurance Plans - Dr. Phillips Dentistry - Dentist Near You<\/title>\n\n","aioseo_head_json":{"title":"Planes de seguro dental de UnitedHealthcare - Odontolog\u00eda del Dr. Phillips - Dentista cerca de usted","description":"Los planes de seguro Dr. Phillips Odontolog\u00eda acepta. \u00a1Llame al 407-226-3350 hoy para programar su cita con nuestros dentistas cualificados y de confianza!","canonical_url":"https:\/\/dentaldrphillips.com\/es\/unitedhealthcare-dental-insurance-plans\/","robots":"max-image-preview:large","keywords":"","webmasterTools":{"miscellaneous":""},"schema":{"@context":"https:\/\/schema.org","@graph":[{"@type":"BreadcrumbList","@id":"https:\/\/dentaldrphillips.com\/es\/unitedhealthcare-dental-insurance-plans\/#breadcrumblist","itemListElement":[{"@type":"ListItem","@id":"https:\/\/dentaldrphillips.com\/es#listItem","position":1,"name":"Home","item":"https:\/\/dentaldrphillips.com\/es","nextItem":{"@type":"ListItem","@id":"https:\/\/dentaldrphillips.com\/es\/unitedhealthcare-dental-insurance-plans\/#listItem","name":"UnitedHealthcare Dental Insurance Plans"}},{"@type":"ListItem","@id":"https:\/\/dentaldrphillips.com\/es\/unitedhealthcare-dental-insurance-plans\/#listItem","position":2,"name":"UnitedHealthcare Dental Insurance Plans","previousItem":{"@type":"ListItem","@id":"https:\/\/dentaldrphillips.com\/es#listItem","name":"Home"}}]},{"@type":"Organization","@id":"https:\/\/dentaldrphillips.com\/es\/#organization","name":"Dr. Phillips Dentistry","description":"Dr. Phillips Dentistry","url":"https:\/\/dentaldrphillips.com\/es\/","email":"contact@dentaldrphillips.com","telephone":"+14072263350","logo":{"@type":"ImageObject","url":"http:\/\/dentaldrphillips.com\/wp-content\/uploads\/2020\/10\/logo_squaare.jpg","@id":"https:\/\/dentaldrphillips.com\/es\/unitedhealthcare-dental-insurance-plans\/#organizationLogo"},"image":{"@id":"https:\/\/dentaldrphillips.com\/es\/unitedhealthcare-dental-insurance-plans\/#organizationLogo"},"address":{"@id":"https:\/\/dentaldrphillips.com\/es\/#postaladdress","@type":"PostalAddress","streetAddress":"7800 W Sand Lake Rd Suite 220,","postalCode":"32819","addressLocality":"Orlando","addressRegion":"Florida","addressCountry":"US"}},{"@type":"WebPage","@id":"https:\/\/dentaldrphillips.com\/es\/unitedhealthcare-dental-insurance-plans\/#webpage","url":"https:\/\/dentaldrphillips.com\/es\/unitedhealthcare-dental-insurance-plans\/","name":"UnitedHealthcare Dental Insurance Plans - Dr. Phillips Dentistry - Dentist Near You","description":"The insurance plans Dr. Phillips Dentistry accepts. Call 407-226-3350 today to schedule your appointment with our skilled and trusted dentists!","inLanguage":"es-ES","isPartOf":{"@id":"https:\/\/dentaldrphillips.com\/es\/#website"},"breadcrumb":{"@id":"https:\/\/dentaldrphillips.com\/es\/unitedhealthcare-dental-insurance-plans\/#breadcrumblist"},"datePublished":"2023-06-20T19:38:19-04:00","dateModified":"2026-04-01T12:27:05-04:00"},{"@type":"WebSite","@id":"https:\/\/dentaldrphillips.com\/es\/#website","url":"https:\/\/dentaldrphillips.com\/es\/","name":"Dr. Phillips Dentistry","description":"Dr. Phillips Dentistry","inLanguage":"es-ES","publisher":{"@id":"https:\/\/dentaldrphillips.com\/es\/#organization"}}]},"og:locale":"es_ES","og:site_name":"Dr. Phillips Dentistry - Dr. Phillips Dentistry","og:type":"article","og:title":"UnitedHealthcare Dental Insurance Plans - Dr. Phillips Dentistry - Dentist Near You","og:description":"The insurance plans Dr. Phillips Dentistry accepts. Call 407-226-3350 today to schedule your appointment with our skilled and trusted dentists!","og:url":"https:\/\/dentaldrphillips.com\/es\/unitedhealthcare-dental-insurance-plans\/","og:image":"https:\/\/dentaldrphillips.com\/wp-content\/uploads\/sites\/15\/2023\/11\/DPD.jpg","og:image:secure_url":"https:\/\/dentaldrphillips.com\/wp-content\/uploads\/sites\/15\/2023\/11\/DPD.jpg","og:image:width":1200,"og:image:height":630,"article:published_time":"2023-06-20T19:38:19+00:00","article:modified_time":"2026-04-01T16:27:05+00:00","twitter:card":"summary","twitter:title":"UnitedHealthcare Dental Insurance Plans - Dr. Phillips Dentistry - Dentist Near You","twitter:description":"The insurance plans Dr. Phillips Dentistry accepts. Call 407-226-3350 today to schedule your appointment with our skilled and trusted dentists!","twitter:image":"https:\/\/dentaldrphillips.com\/wp-content\/uploads\/sites\/15\/2023\/11\/DPD.jpg"},"aioseo_meta_data":{"post_id":"9379","title":null,"description":null,"keywords":null,"keyphrases":null,"primary_term":null,"canonical_url":null,"og_title":null,"og_description":null,"og_object_type":"default","og_image_type":"default","og_image_url":null,"og_image_width":null,"og_image_height":null,"og_image_custom_url":null,"og_image_custom_fields":null,"og_video":null,"og_custom_url":null,"og_article_section":null,"og_article_tags":null,"twitter_use_og":false,"twitter_card":"default","twitter_image_type":"default","twitter_image_url":null,"twitter_image_custom_url":null,"twitter_image_custom_fields":null,"twitter_title":null,"twitter_description":null,"schema":{"blockGraphs":[],"customGraphs":[],"default":{"data":{"Article":[],"Course":[],"Dataset":[],"FAQPage":[],"Movie":[],"Person":[],"Product":[],"ProductReview":[],"Car":[],"Recipe":[],"Service":[],"SoftwareApplication":[],"WebPage":[]},"graphName":"","isEnabled":true},"graphs":[]},"schema_type":"default","schema_type_options":null,"pillar_content":false,"robots_default":true,"robots_noindex":false,"robots_noarchive":false,"robots_nosnippet":false,"robots_nofollow":false,"robots_noimageindex":false,"robots_noodp":false,"robots_notranslate":false,"robots_max_snippet":null,"robots_max_videopreview":null,"robots_max_imagepreview":"large","priority":null,"frequency":null,"local_seo":null,"seo_analyzer_scan_date":"2026-04-01 16:57:40","breadcrumb_settings":null,"limit_modified_date":false,"reviewed_by":null,"open_ai":null,"ai":null,"created":"2023-10-18 17:13:29","updated":"2026-04-01 17:32:18"},"aioseo_breadcrumb":"<div class=\"aioseo-breadcrumbs\"><span class=\"aioseo-breadcrumb\">\n\t<a href=\"https:\/\/dentaldrphillips.com\/es\" title=\"Home\">Home<\/a>\n<\/span><span class=\"aioseo-breadcrumb-separator\">&raquo;<\/span><span class=\"aioseo-breadcrumb\">\n\tUnitedHealthcare Dental Insurance Plans\n<\/span><\/div>","aioseo_breadcrumb_json":[{"label":"Home","link":"https:\/\/dentaldrphillips.com\/es"},{"label":"UnitedHealthcare Dental Insurance Plans","link":"https:\/\/dentaldrphillips.com\/es\/unitedhealthcare-dental-insurance-plans\/"}],"_links":{"self":[{"href":"https:\/\/dentaldrphillips.com\/es\/wp-json\/wp\/v2\/pages\/9379","targetHints":{"allow":["GET"]}}],"collection":[{"href":"https:\/\/dentaldrphillips.com\/es\/wp-json\/wp\/v2\/pages"}],"about":[{"href":"https:\/\/dentaldrphillips.com\/es\/wp-json\/wp\/v2\/types\/page"}],"author":[{"embeddable":true,"href":"https:\/\/dentaldrphillips.com\/es\/wp-json\/wp\/v2\/users\/1"}],"replies":[{"embeddable":true,"href":"https:\/\/dentaldrphillips.com\/es\/wp-json\/wp\/v2\/comments?post=9379"}],"version-history":[{"count":0,"href":"https:\/\/dentaldrphillips.com\/es\/wp-json\/wp\/v2\/pages\/9379\/revisions"}],"wp:attachment":[{"href":"https:\/\/dentaldrphillips.com\/es\/wp-json\/wp\/v2\/media?parent=9379"}],"curies":[{"name":"wp","href":"https:\/\/api.w.org\/{rel}","templated":true}]}}