{"id":9357,"date":"2022-08-09T15:16:42","date_gmt":"2022-08-09T15:16:42","guid":{"rendered":"https:\/\/dentaldrphillips.com\/review\/"},"modified":"2026-04-01T12:26:18","modified_gmt":"2026-04-01T16:26:18","slug":"review","status":"publish","type":"page","link":"https:\/\/dentaldrphillips.com\/es\/review\/","title":{"rendered":"Consulte"},"content":{"rendered":"<div id=\"cs-content\" class=\"cs-content\"><div class=\"x-section e9357-e1 m77x-0 m77x-1 m77x-3 hero_video\" style=\"--tco-dc77x-1:rgb(91, 160, 98);\"><div class=\"x-bg\" aria-hidden=\"true\"><div class=\"x-bg-layer-lower-color\"><\/div><div class=\"x-bg-layer-upper-color\"><\/div><\/div><div class=\"x-row x-container max width e9357-e2 m77x-4 m77x-5 m77x-6 m77x-9 m77x-a\"><div class=\"x-row-inner\"><div class=\"x-col e9357-e3 m77x-d m77x-e m77x-f\"><div class=\"x-div e9357-e4 m77x-i\"><div class=\"x-text x-content e9357-e5 m77x-j m77x-k m77x-l m77x-m m77x-n m77x-o\"><p class=\"p9px txt_white\">Se Habla Espa\u00f1ol<\/p><\/div><div class=\"x-text x-content e9357-e6 m77x-j m77x-k m77x-l m77x-m m77x-n m77x-o\"><p class=\"p9px txt_white\">Citas de urgencia disponibles<\/p><\/div><\/div><div class=\"x-text x-content e9357-e7 m77x-j m77x-m m77x-o m77x-p\"><a class=\"x-image\" href=\"\/es\/homepage\/\" style=\"outline: none;\"><img sizes=\"(max-width: 960px) 100vw, 960px\" srcset=\"https:\/\/dentaldrphillips.com\/wp-content\/uploads\/sites\/15\/2025\/09\/GPI-0128-001_DPD_White_960x328.png 960w, https:\/\/dentaldrphillips.com\/wp-content\/uploads\/sites\/15\/2025\/09\/GPI-0128-001_DPD_White_960x328-300x103.png 300w, https:\/\/dentaldrphillips.com\/wp-content\/uploads\/sites\/15\/2025\/09\/GPI-0128-001_DPD_White_960x328-768x262.png 768w, https:\/\/dentaldrphillips.com\/wp-content\/uploads\/sites\/15\/2025\/09\/GPI-0128-001_DPD_White_960x328-18x6.png 18w, https:\/\/dentaldrphillips.com\/wp-content\/uploads\/sites\/15\/2025\/09\/GPI-0128-001_DPD_White_960x328-100x34.png 100w\" decoding=\"async\" src=\"https:\/\/dentaldrphillips.com\/wp-content\/uploads\/sites\/15\/2025\/09\/GPI-0128-001_DPD_White_960x328.png\" width=\"455\" height=\"164\" alt=\"Dr. Phillips Dentistry Logo\" loading=\"lazy\"><\/a><\/div><\/div><\/div><\/div><div class=\"x-row x-container max width e9357-e8 m77x-4 m77x-6 m77x-7 m77x-9 m77x-b\"><div class=\"x-row-inner\"><div class=\"x-col e9357-e9 m77x-d m77x-f m77x-g\"><div class=\"x-text x-content e9357-e10 m77x-j m77x-m m77x-n m77x-q\"><h1 class=\"txt_white\">Por favor, h\u00e1ganos saber acerca de su visita o c\u00f3mo podemos mejorar.<\/h1><\/div><div class=\"x-text x-content e9357-e11 m77x-j m77x-k m77x-m m77x-o m77x-r\"><p class=\"pdefault txt_white\">Puede llamarnos al <a href=\"tel:4072263350\" class=\"txt_white\">407-226-3350<\/a> si desea comentar cualquier problema o comentario.<\/p><\/div><\/div><\/div><\/div><\/div><div class=\"x-section e9357-e12 m77x-0 m77x-2\"><div class=\"x-row x-container max width e9357-e13 m77x-4 m77x-8 m77x-c\"><div class=\"x-row-inner\"><div class=\"x-col e9357-e14 m77x-f m77x-h\"><div class=\"x-text x-content e9357-e15 m77x-j m77x-o m77x-p m77x-s\"><script id=\"77fb59b1-4f81-4816-ba6e-abc2697ef460-script\" src=\"https:\/\/app.hipaatizer.com\/shared\/hipaatizer-form-renderer.js\"><\/script>\n\t\t\t\t<script>\n\t\t\t\tnew Hipaatizer(\"77fb59b1-4f81-4816-ba6e-abc2697ef460\", false).render();\n\t\t\t\t<\/script><\/div><\/div><\/div><\/div><\/div><\/div>","protected":false},"excerpt":{"rendered":"<p>Se Habla Espa\u00f1olCitas de Emergencia DisponiblesPor favor, h\u00e1ganos saber acerca de su visita o c\u00f3mo podemos mejorar.Usted es siempre bienvenido a llamarnos al 407-226-3350 si desea discutir cualquier problema o comentario.<\/p>","protected":false},"author":1,"featured_media":0,"parent":0,"menu_order":0,"comment_status":"closed","ping_status":"closed","template":"template-blank-8.php","meta":{"footnotes":""},"class_list":["post-9357","page","type-page","status-publish","hentry","no-post-thumbnail"],"aioseo_notices":[],"aioseo_head":"\n\t\t<!-- All in One SEO Pro 4.9.5.1 - aioseo.com -->\n\t<meta name=\"description\" content=\"Se Habla Espa\u00f1olEmergency Appointments AvailablePlease let us know about your visit or how we can improve.You are always welcome to call us at 407-226-3350 if you would like discuss any issues or feedback.\" \/>\n\t<meta name=\"robots\" content=\"max-image-preview:large\" \/>\n\t<link rel=\"canonical\" href=\"https:\/\/dentaldrphillips.com\/es\/review\/\" \/>\n\t<meta name=\"generator\" content=\"All in One SEO Pro (AIOSEO) 4.9.5.1\" \/>\n\t\t<meta property=\"og:locale\" content=\"es_ES\" \/>\n\t\t<meta property=\"og:site_name\" content=\"Dr. Phillips Dentistry - Dr. Phillips Dentistry\" \/>\n\t\t<meta property=\"og:type\" content=\"article\" \/>\n\t\t<meta property=\"og:title\" content=\"Review - Dr. Phillips Dentistry - Dentist Near You\" \/>\n\t\t<meta property=\"og:description\" content=\"Se Habla Espa\u00f1olEmergency Appointments AvailablePlease let us know about your visit or how we can improve.You are always welcome to call us at 407-226-3350 if you would like discuss any issues or feedback.\" \/>\n\t\t<meta property=\"og:url\" content=\"https:\/\/dentaldrphillips.com\/es\/review\/\" \/>\n\t\t<meta property=\"og:image\" content=\"https:\/\/dentaldrphillips.com\/wp-content\/uploads\/sites\/15\/2023\/11\/DPD.jpg\" \/>\n\t\t<meta property=\"og:image:secure_url\" content=\"https:\/\/dentaldrphillips.com\/wp-content\/uploads\/sites\/15\/2023\/11\/DPD.jpg\" \/>\n\t\t<meta property=\"og:image:width\" content=\"1200\" \/>\n\t\t<meta property=\"og:image:height\" content=\"630\" \/>\n\t\t<meta property=\"article:published_time\" content=\"2022-08-09T15:16:42+00:00\" \/>\n\t\t<meta property=\"article:modified_time\" content=\"2026-04-01T16:26:18+00:00\" \/>\n\t\t<meta name=\"twitter:card\" content=\"summary\" \/>\n\t\t<meta name=\"twitter:title\" content=\"Review - Dr. Phillips Dentistry - Dentist Near You\" \/>\n\t\t<meta name=\"twitter:description\" content=\"Se Habla Espa\u00f1olEmergency Appointments AvailablePlease let us know about your visit or how we can improve.You are always welcome to call us at 407-226-3350 if you would like discuss any issues or feedback.\" \/>\n\t\t<meta name=\"twitter:image\" content=\"https:\/\/dentaldrphillips.com\/wp-content\/uploads\/sites\/15\/2023\/11\/DPD.jpg\" \/>\n\t\t<script type=\"application\/ld+json\" class=\"aioseo-schema\">\n\t\t\t{\"@context\":\"https:\\\/\\\/schema.org\",\"@graph\":[{\"@type\":\"BreadcrumbList\",\"@id\":\"https:\\\/\\\/dentaldrphillips.com\\\/es\\\/review\\\/#breadcrumblist\",\"itemListElement\":[{\"@type\":\"ListItem\",\"@id\":\"https:\\\/\\\/dentaldrphillips.com\\\/es#listItem\",\"position\":1,\"name\":\"Home\",\"item\":\"https:\\\/\\\/dentaldrphillips.com\\\/es\",\"nextItem\":{\"@type\":\"ListItem\",\"@id\":\"https:\\\/\\\/dentaldrphillips.com\\\/es\\\/review\\\/#listItem\",\"name\":\"Review\"}},{\"@type\":\"ListItem\",\"@id\":\"https:\\\/\\\/dentaldrphillips.com\\\/es\\\/review\\\/#listItem\",\"position\":2,\"name\":\"Review\",\"previousItem\":{\"@type\":\"ListItem\",\"@id\":\"https:\\\/\\\/dentaldrphillips.com\\\/es#listItem\",\"name\":\"Home\"}}]},{\"@type\":\"Organization\",\"@id\":\"https:\\\/\\\/dentaldrphillips.com\\\/es\\\/#organization\",\"name\":\"Dr. Phillips Dentistry\",\"description\":\"Dr. Phillips Dentistry\",\"url\":\"https:\\\/\\\/dentaldrphillips.com\\\/es\\\/\",\"email\":\"contact@dentaldrphillips.com\",\"telephone\":\"+14072263350\",\"logo\":{\"@type\":\"ImageObject\",\"url\":\"http:\\\/\\\/dentaldrphillips.com\\\/wp-content\\\/uploads\\\/2020\\\/10\\\/logo_squaare.jpg\",\"@id\":\"https:\\\/\\\/dentaldrphillips.com\\\/es\\\/review\\\/#organizationLogo\"},\"image\":{\"@id\":\"https:\\\/\\\/dentaldrphillips.com\\\/es\\\/review\\\/#organizationLogo\"},\"address\":{\"@id\":\"https:\\\/\\\/dentaldrphillips.com\\\/es\\\/#postaladdress\",\"@type\":\"PostalAddress\",\"streetAddress\":\"7800 W Sand Lake Rd Suite 220,\",\"postalCode\":\"32819\",\"addressLocality\":\"Orlando\",\"addressRegion\":\"Florida\",\"addressCountry\":\"US\"}},{\"@type\":\"WebPage\",\"@id\":\"https:\\\/\\\/dentaldrphillips.com\\\/es\\\/review\\\/#webpage\",\"url\":\"https:\\\/\\\/dentaldrphillips.com\\\/es\\\/review\\\/\",\"name\":\"Review - Dr. Phillips Dentistry - Dentist Near You\",\"description\":\"Se Habla Espa\\u00f1olEmergency Appointments AvailablePlease let us know about your visit or how we can improve.You are always welcome to call us at 407-226-3350 if you would like discuss any issues or feedback.\",\"inLanguage\":\"es-ES\",\"isPartOf\":{\"@id\":\"https:\\\/\\\/dentaldrphillips.com\\\/es\\\/#website\"},\"breadcrumb\":{\"@id\":\"https:\\\/\\\/dentaldrphillips.com\\\/es\\\/review\\\/#breadcrumblist\"},\"datePublished\":\"2022-08-09T15:16:42-04:00\",\"dateModified\":\"2026-04-01T12:26:18-04:00\"},{\"@type\":\"WebSite\",\"@id\":\"https:\\\/\\\/dentaldrphillips.com\\\/es\\\/#website\",\"url\":\"https:\\\/\\\/dentaldrphillips.com\\\/es\\\/\",\"name\":\"Dr. Phillips Dentistry\",\"description\":\"Dr. Phillips Dentistry\",\"inLanguage\":\"es-ES\",\"publisher\":{\"@id\":\"https:\\\/\\\/dentaldrphillips.com\\\/es\\\/#organization\"}}]}\n\t\t<\/script>\n\t\t<!-- All in One SEO Pro -->\r\n\t\t<title>Review - Dr. Phillips Dentistry - Dentist Near You<\/title>\n\n","aioseo_head_json":{"title":"Revisi\u00f3n - Dr. Phillips Dentistry - Dentista cerca de usted","description":"Se Habla Espa\u00f1olCitas de Emergencia DisponiblesPor favor, h\u00e1ganos saber acerca de su visita o c\u00f3mo podemos mejorar.Usted es siempre bienvenido a llamarnos al 407-226-3350 si desea discutir cualquier problema o comentario.","canonical_url":"https:\/\/dentaldrphillips.com\/es\/review\/","robots":"max-image-preview:large","keywords":"","webmasterTools":{"miscellaneous":""},"schema":{"@context":"https:\/\/schema.org","@graph":[{"@type":"BreadcrumbList","@id":"https:\/\/dentaldrphillips.com\/es\/review\/#breadcrumblist","itemListElement":[{"@type":"ListItem","@id":"https:\/\/dentaldrphillips.com\/es#listItem","position":1,"name":"Home","item":"https:\/\/dentaldrphillips.com\/es","nextItem":{"@type":"ListItem","@id":"https:\/\/dentaldrphillips.com\/es\/review\/#listItem","name":"Review"}},{"@type":"ListItem","@id":"https:\/\/dentaldrphillips.com\/es\/review\/#listItem","position":2,"name":"Review","previousItem":{"@type":"ListItem","@id":"https:\/\/dentaldrphillips.com\/es#listItem","name":"Home"}}]},{"@type":"Organization","@id":"https:\/\/dentaldrphillips.com\/es\/#organization","name":"Dr. Phillips Dentistry","description":"Dr. Phillips Dentistry","url":"https:\/\/dentaldrphillips.com\/es\/","email":"contact@dentaldrphillips.com","telephone":"+14072263350","logo":{"@type":"ImageObject","url":"http:\/\/dentaldrphillips.com\/wp-content\/uploads\/2020\/10\/logo_squaare.jpg","@id":"https:\/\/dentaldrphillips.com\/es\/review\/#organizationLogo"},"image":{"@id":"https:\/\/dentaldrphillips.com\/es\/review\/#organizationLogo"},"address":{"@id":"https:\/\/dentaldrphillips.com\/es\/#postaladdress","@type":"PostalAddress","streetAddress":"7800 W Sand Lake Rd Suite 220,","postalCode":"32819","addressLocality":"Orlando","addressRegion":"Florida","addressCountry":"US"}},{"@type":"WebPage","@id":"https:\/\/dentaldrphillips.com\/es\/review\/#webpage","url":"https:\/\/dentaldrphillips.com\/es\/review\/","name":"Review - Dr. Phillips Dentistry - Dentist Near You","description":"Se Habla Espa\u00f1olEmergency Appointments AvailablePlease let us know about your visit or how we can improve.You are always welcome to call us at 407-226-3350 if you would like discuss any issues or feedback.","inLanguage":"es-ES","isPartOf":{"@id":"https:\/\/dentaldrphillips.com\/es\/#website"},"breadcrumb":{"@id":"https:\/\/dentaldrphillips.com\/es\/review\/#breadcrumblist"},"datePublished":"2022-08-09T15:16:42-04:00","dateModified":"2026-04-01T12:26:18-04:00"},{"@type":"WebSite","@id":"https:\/\/dentaldrphillips.com\/es\/#website","url":"https:\/\/dentaldrphillips.com\/es\/","name":"Dr. Phillips Dentistry","description":"Dr. Phillips Dentistry","inLanguage":"es-ES","publisher":{"@id":"https:\/\/dentaldrphillips.com\/es\/#organization"}}]},"og:locale":"es_ES","og:site_name":"Dr. Phillips Dentistry - Dr. Phillips Dentistry","og:type":"article","og:title":"Review - Dr. Phillips Dentistry - Dentist Near You","og:description":"Se Habla Espa\u00f1olEmergency Appointments AvailablePlease let us know about your visit or how we can improve.You are always welcome to call us at 407-226-3350 if you would like discuss any issues or feedback.","og:url":"https:\/\/dentaldrphillips.com\/es\/review\/","og:image":"https:\/\/dentaldrphillips.com\/wp-content\/uploads\/sites\/15\/2023\/11\/DPD.jpg","og:image:secure_url":"https:\/\/dentaldrphillips.com\/wp-content\/uploads\/sites\/15\/2023\/11\/DPD.jpg","og:image:width":1200,"og:image:height":630,"article:published_time":"2022-08-09T15:16:42+00:00","article:modified_time":"2026-04-01T16:26:18+00:00","twitter:card":"summary","twitter:title":"Review - Dr. Phillips Dentistry - Dentist Near You","twitter:description":"Se Habla Espa\u00f1olEmergency Appointments AvailablePlease let us know about your visit or how we can improve.You are always welcome to call us at 407-226-3350 if you would like discuss any issues or feedback.","twitter:image":"https:\/\/dentaldrphillips.com\/wp-content\/uploads\/sites\/15\/2023\/11\/DPD.jpg"},"aioseo_meta_data":{"post_id":"9357","title":null,"description":null,"keywords":null,"keyphrases":null,"primary_term":null,"canonical_url":null,"og_title":null,"og_description":null,"og_object_type":"default","og_image_type":"default","og_image_url":null,"og_image_width":null,"og_image_height":null,"og_image_custom_url":null,"og_image_custom_fields":null,"og_video":null,"og_custom_url":null,"og_article_section":null,"og_article_tags":null,"twitter_use_og":false,"twitter_card":"default","twitter_image_type":"default","twitter_image_url":null,"twitter_image_custom_url":null,"twitter_image_custom_fields":null,"twitter_title":null,"twitter_description":null,"schema":{"blockGraphs":[],"customGraphs":[],"default":{"data":{"Article":[],"Course":[],"Dataset":[],"FAQPage":[],"Movie":[],"Person":[],"Product":[],"ProductReview":[],"Car":[],"Recipe":[],"Service":[],"SoftwareApplication":[],"WebPage":[]},"graphName":"","isEnabled":true},"graphs":[]},"schema_type":"default","schema_type_options":null,"pillar_content":false,"robots_default":true,"robots_noindex":false,"robots_noarchive":false,"robots_nosnippet":false,"robots_nofollow":false,"robots_noimageindex":false,"robots_noodp":false,"robots_notranslate":false,"robots_max_snippet":null,"robots_max_videopreview":null,"robots_max_imagepreview":"large","priority":null,"frequency":null,"local_seo":null,"seo_analyzer_scan_date":"2026-04-01 16:42:25","breadcrumb_settings":null,"limit_modified_date":false,"reviewed_by":null,"open_ai":null,"ai":null,"created":"2023-10-18 17:10:56","updated":"2026-04-01 17:32:18"},"aioseo_breadcrumb":"<div class=\"aioseo-breadcrumbs\"><span class=\"aioseo-breadcrumb\">\n\t<a href=\"https:\/\/dentaldrphillips.com\/es\" title=\"Home\">Home<\/a>\n<\/span><span class=\"aioseo-breadcrumb-separator\">&raquo;<\/span><span class=\"aioseo-breadcrumb\">\n\tReview\n<\/span><\/div>","aioseo_breadcrumb_json":[{"label":"Home","link":"https:\/\/dentaldrphillips.com\/es"},{"label":"Review","link":"https:\/\/dentaldrphillips.com\/es\/review\/"}],"_links":{"self":[{"href":"https:\/\/dentaldrphillips.com\/es\/wp-json\/wp\/v2\/pages\/9357","targetHints":{"allow":["GET"]}}],"collection":[{"href":"https:\/\/dentaldrphillips.com\/es\/wp-json\/wp\/v2\/pages"}],"about":[{"href":"https:\/\/dentaldrphillips.com\/es\/wp-json\/wp\/v2\/types\/page"}],"author":[{"embeddable":true,"href":"https:\/\/dentaldrphillips.com\/es\/wp-json\/wp\/v2\/users\/1"}],"replies":[{"embeddable":true,"href":"https:\/\/dentaldrphillips.com\/es\/wp-json\/wp\/v2\/comments?post=9357"}],"version-history":[{"count":0,"href":"https:\/\/dentaldrphillips.com\/es\/wp-json\/wp\/v2\/pages\/9357\/revisions"}],"wp:attachment":[{"href":"https:\/\/dentaldrphillips.com\/es\/wp-json\/wp\/v2\/media?parent=9357"}],"curies":[{"name":"wp","href":"https:\/\/api.w.org\/{rel}","templated":true}]}}