{"id":9333,"date":"2020-08-26T13:06:17","date_gmt":"2020-08-26T13:06:17","guid":{"rendered":"https:\/\/dentaldrphillips.com\/inhouse-discount-plan\/"},"modified":"2026-04-01T12:24:44","modified_gmt":"2026-04-01T16:24:44","slug":"inhouse-discount-plan","status":"publish","type":"page","link":"https:\/\/dentaldrphillips.com\/es\/inhouse-discount-plan\/","title":{"rendered":"Plan de descuentos internos"},"content":{"rendered":"<div id=\"cs-content\" class=\"cs-content\"><div class=\"x-section e9333-e1 m779-0 m779-1 m779-2 m779-6 hero_video\"><div class=\"x-bg\"><div class=\"x-bg-layer-lower-img\"><img sizes=\"(max-width: 1300px) 100vw, 1300px\" srcset=\"https:\/\/dentaldrphillips.com\/wp-content\/uploads\/sites\/15\/2021\/08\/Family.jpg 1300w, https:\/\/dentaldrphillips.com\/wp-content\/uploads\/sites\/15\/2021\/08\/Family-300x208.jpg 300w, https:\/\/dentaldrphillips.com\/wp-content\/uploads\/sites\/15\/2021\/08\/Family-1024x709.jpg 1024w, https:\/\/dentaldrphillips.com\/wp-content\/uploads\/sites\/15\/2021\/08\/Family-768x532.jpg 768w, https:\/\/dentaldrphillips.com\/wp-content\/uploads\/sites\/15\/2021\/08\/Family-100x69.jpg 100w\" decoding=\"async\" src=\"\/wp-content\/uploads\/2021\/08\/Family.jpg\" alt=\"A smiling woman and man sit on a couch playing video games with controllers, while a young girl behind them cheers with her arms raised, all appearing happy and excited in a bright living room.\"\/><\/div><div class=\"x-bg-layer-upper-color\" aria-hidden=\"true\"><\/div><\/div><div class=\"x-row x-container max width e9333-e2 m779-7 m779-8 m779-9 m779-k m779-l\"><div class=\"x-row-inner\"><div class=\"x-col e9333-e3 m779-t m779-u m779-v m779-w m779-x m779-y\"><div class=\"x-div e9333-e4 m779-17\"><div class=\"x-text x-content e9333-e5 m779-18 m779-19 m779-1a m779-1b m779-1c m779-1d m779-1e m779-1f\"><p class=\"p9px txt_white\">Se Habla Espa\u00f1ol<\/p><\/div><div class=\"x-text x-content e9333-e6 m779-18 m779-19 m779-1a m779-1b m779-1c m779-1d m779-1e m779-1f\"><p class=\"p9px txt_white\">Citas de urgencia disponibles<\/p><\/div><\/div><div class=\"x-text x-content e9333-e7 m779-18 m779-1a m779-1c m779-1d m779-1f m779-1g\"><a class=\"x-image\" href=\"\/es\/homepage\/\" style=\"outline: none;\"><img sizes=\"(max-width: 960px) 100vw, 960px\" srcset=\"https:\/\/dentaldrphillips.com\/wp-content\/uploads\/sites\/15\/2025\/09\/GPI-0128-001_DPD_White_960x328.png 960w, https:\/\/dentaldrphillips.com\/wp-content\/uploads\/sites\/15\/2025\/09\/GPI-0128-001_DPD_White_960x328-300x103.png 300w, https:\/\/dentaldrphillips.com\/wp-content\/uploads\/sites\/15\/2025\/09\/GPI-0128-001_DPD_White_960x328-768x262.png 768w, https:\/\/dentaldrphillips.com\/wp-content\/uploads\/sites\/15\/2025\/09\/GPI-0128-001_DPD_White_960x328-18x6.png 18w, https:\/\/dentaldrphillips.com\/wp-content\/uploads\/sites\/15\/2025\/09\/GPI-0128-001_DPD_White_960x328-100x34.png 100w\" decoding=\"async\" src=\"https:\/\/dentaldrphillips.com\/wp-content\/uploads\/sites\/15\/2025\/09\/GPI-0128-001_DPD_White_960x328.png\" width=\"455\" height=\"164\" alt=\"Dr. Phillips Dentistry Logo\" loading=\"lazy\"><\/a><\/div><\/div><\/div><\/div><div class=\"x-row x-container max width e9333-e8 m779-7 m779-a m779-k m779-m\"><div class=\"x-row-inner\"><div class=\"x-col e9333-e9 m779-t m779-v m779-x m779-y m779-z m779-10\"><div class=\"x-text x-content e9333-e10 m779-18 m779-1a m779-1c m779-1d m779-1e m779-1h m779-1i\"><h1 class=\"txt_white\">Cobertura dental para usted y toda su familia<\/h1><\/div><\/div><\/div><\/div><\/div><div class=\"x-section e9333-e11 m779-0 m779-2 m779-3 m779-4\" style=\"--tco-dc779-1:rgba(186, 195, 146, .5);--tco-dc779-4:rgba(186, 195, 146, .5);\"><div class=\"x-row x-container max width e9333-e12 m779-7 m779-b m779-c m779-d m779-e m779-k m779-n\" style=\"--tco-dc779-7:rgb(255, 255, 255);--tco-dc779-a:rgb(255, 255, 255);--tco-dc779-d:rgb(255, 255, 255);\"><div class=\"x-row-inner\"><div class=\"x-col e9333-e13 m779-t m779-u m779-x m779-y m779-11 m779-12\"><div class=\"x-text x-content e9333-e14 m779-18 m779-1h m779-1j m779-1k m779-1l m779-1m m779-1n m779-1o\"><h2>En Dr. Phillips Dentistry, queremos ofrecer un cuidado dental c\u00f3modo y de alta calidad a todo el mundo.<\/h2><\/div><div class=\"x-text x-content e9333-e15 m779-18 m779-19 m779-1j m779-1l m779-1m m779-1n m779-1o m779-1p\"><p class=\"pdefault\">Los pacientes sin seguro a\u00fan pueden ahorrar en nuestros excelentes servicios odontol\u00f3gicos generales, preventivos y est\u00e9ticos.<\/p>\n<p class=\"pdefault\">Por eso ofrecemos un plan interno de descuentos. El plan incluye el mismo cuidado dental profesional superior que usted espera mientras que goza de ahorros significativos en procedimientos dentales regulares. Ofreciendo descuentos entre <b>10 a 20%<\/b>\u00a0en la mayor\u00eda de los procedimientos dentales, desde limpiezas dentales hasta empastes.<\/p><\/div><\/div><div class=\"x-col e9333-e16 m779-t m779-v m779-x m779-z m779-13 m779-14\"><div class=\"x-bg\"><div class=\"x-bg-layer-lower-img\"><img sizes=\"(max-width: 900px) 100vw, 900px\" srcset=\"https:\/\/dentaldrphillips.com\/wp-content\/uploads\/sites\/15\/2021\/12\/master_spl_InHouse.jpg 900w, https:\/\/dentaldrphillips.com\/wp-content\/uploads\/sites\/15\/2021\/12\/master_spl_InHouse-300x300.jpg 300w, https:\/\/dentaldrphillips.com\/wp-content\/uploads\/sites\/15\/2021\/12\/master_spl_InHouse-150x150.jpg 150w, https:\/\/dentaldrphillips.com\/wp-content\/uploads\/sites\/15\/2021\/12\/master_spl_InHouse-768x768.jpg 768w, https:\/\/dentaldrphillips.com\/wp-content\/uploads\/sites\/15\/2021\/12\/master_spl_InHouse-12x12.jpg 12w, https:\/\/dentaldrphillips.com\/wp-content\/uploads\/sites\/15\/2021\/12\/master_spl_InHouse-100x100.jpg 100w\" decoding=\"async\" src=\"\/wp-content\/uploads\/2021\/12\/master_spl_InHouse.jpg\" alt=\"A smiling couple sits close together on a couch, sharing a pair of earphones and looking at a smartphone, enjoying music or a video in a cozy living room setting.\"\/><\/div><\/div><\/div><\/div><\/div><div class=\"x-row x-container max width e9333-e17 m779-7 m779-9 m779-b m779-e m779-f m779-k m779-o\" style=\"--tco-dc779-g:rgb(91, 160, 98);--tco-dc779-j:rgb(91, 160, 98);--tco-dc779-m:rgb(91, 160, 98);\"><div class=\"x-row-inner\"><div class=\"x-col e9333-e18 m779-t m779-v m779-x m779-y m779-z m779-15\"><div class=\"x-text x-content e9333-e19 m779-18 m779-1e m779-1h m779-1j m779-1k m779-1l m779-1m m779-1o\"><h2 class=\"txt_white\">\u00bfNo tiene seguro dental?<\/h2>\n<h3 class=\"txt_white\">No hay problema.<\/h3><\/div><\/div><div class=\"x-col e9333-e20 m779-t m779-v m779-x m779-z m779-12 m779-16\" style=\"--tco-dc779-p:rgb(255, 255, 255);\"><div class=\"x-text x-content e9333-e21 m779-18 m779-19 m779-1a m779-1d m779-1e m779-1l m779-1p m779-1q m779-1r\"><p class=\"pdefault brand_color\"><b>Planes para adultos desde<\/b><\/p><\/div><div class=\"x-counter e9333-e22 m779-1u\" style=\"--tco-dc779-r:rgb(91, 160, 98);\" data-x-element-counter=\"{&quot;to&quot;:&quot;12.50&quot;,&quot;speed&quot;:&quot;2s&quot;,&quot;commaSeparatedDecimal&quot;:false}\"><div class=\"x-counter-number-wrap\"><span class=\"x-counter-number-prefix\">$<\/span><span class=\"x-counter-number\">100.00<\/span><\/div><\/div><div class=\"x-text x-content e9333-e23 m779-18 m779-19 m779-1a m779-1d m779-1e m779-1f m779-1l m779-1p m779-1r\"><p class=\"pdefault brand_color\"><b>al mes!*<\/b><\/p><\/div><div class=\"x-text x-content e9333-e24 m779-18 m779-19 m779-1a m779-1d m779-1e m779-1f m779-1l m779-1p m779-1r\"><p class=\"p8px\">*Dr. Phillips Odontolog\u00eda ofrece el plan de descuento en casa a los pacientes sin seguro dental solamente. No puede ser combinado con seguro dental. El plan se factura anualmente, por lo que el \"tan bajo como\" costo es un desglose mensual de esa cuota anual.<\/p><\/div><\/div><\/div><\/div><div class=\"x-row x-container max width e9333-e25 m779-7 m779-b m779-c m779-g m779-k m779-p\" style=\"--tco-dc779-t:rgb(91, 160, 98);--tco-dc779-w:rgb(91, 160, 98);\"><div class=\"x-row-inner\"><div class=\"x-col e9333-e26 m779-t m779-v m779-x m779-y m779-z m779-12\"><div class=\"x-text x-content e9333-e27 m779-18 m779-1d m779-1e m779-1h m779-1j m779-1k m779-1l m779-1q\"><h3 class=\"txt_white\">P\u00f3ngase en contacto con nosotros hoy mismo para inscribirse en nuestro plan de descuentos internos.<\/h3><\/div><div class=\"x-text x-content e9333-e28 m779-18 m779-19 m779-1d m779-1e m779-1j m779-1l m779-1p m779-1q\"><p class=\"pdefault txt_white\">Con este plan de descuentos, garantizar\u00e1 la salud de su sonrisa y ahorrar\u00e1 dinero. Nos encantar\u00eda responder a cualquiera de sus preguntas.<\/p><\/div><\/div><\/div><\/div><\/div><div class=\"x-section e9333-e29 m779-0 m779-3 m779-5\" style=\"--tco-dc779-z:rgba(186, 195, 146, .5);--tco-dc779-12:rgba(186, 195, 146, .5);\"><div class=\"x-row x-container max width e9333-e30 m779-7 m779-b m779-c m779-e m779-h m779-k m779-q\" style=\"--tco-dc779-15:rgb(255, 255, 255);--tco-dc779-18:rgb(255, 255, 255);--tco-dc779-1b:rgb(255, 255, 255);\"><div class=\"x-row-inner\"><div class=\"x-col e9333-e31 m779-t m779-u m779-x m779-y m779-11 m779-12\"><div class=\"x-text x-content e9333-e32 m779-18 m779-1a m779-1d m779-1h m779-1k m779-1l m779-1n m779-1q\"><h2>C\u00f3mo funciona el plan de descuentos internos<\/h2><\/div><div class=\"x-text x-content e9333-e33 m779-18 m779-19 m779-1d m779-1j m779-1l m779-1p m779-1s\"><p class=\"pdefault\"><strong>Podr\u00e1 acogerse a este plan tanto si es un paciente nuevo como si ya lo es, siempre que no tenga un seguro dental.<\/strong><\/p>\n<p class=\"pdefault\"><b>Puedes inscribirte en el plan en la oficina,<\/b> y sus prestaciones ser\u00e1n v\u00e1lidas durante todo un a\u00f1o. Nos ocupamos de todos los detalles para que pueda disfrutar de una sonrisa sin preocupaciones.<\/p><\/div><\/div><div class=\"x-col e9333-e34 m779-x m779-y m779-14\"><div class=\"x-bg\"><div class=\"x-bg-layer-lower-img\"><img sizes=\"(max-width: 880px) 100vw, 880px\" srcset=\"https:\/\/dentaldrphillips.com\/wp-content\/uploads\/sites\/15\/2021\/04\/HCD_paymentPlan4.jpg 880w, https:\/\/dentaldrphillips.com\/wp-content\/uploads\/sites\/15\/2021\/04\/HCD_paymentPlan4-300x259.jpg 300w, https:\/\/dentaldrphillips.com\/wp-content\/uploads\/sites\/15\/2021\/04\/HCD_paymentPlan4-768x663.jpg 768w, https:\/\/dentaldrphillips.com\/wp-content\/uploads\/sites\/15\/2021\/04\/HCD_paymentPlan4-100x86.jpg 100w\" decoding=\"async\" src=\"https:\/\/dentaldrphillips.com\/wp-content\/uploads\/sites\/15\/2021\/04\/HCD_paymentPlan4.jpg\" alt=\"A smiling couple stands close together outside a house with gray siding and a yellow door, looking happy and relaxed in the daylight.\"\/><\/div><\/div><\/div><\/div><\/div><div class=\"x-row x-container max width e9333-e35 m779-7 m779-b m779-c m779-i m779-k m779-r\" style=\"--tco-dc779-1e:rgb(255, 255, 255);--tco-dc779-1h:rgb(255, 255, 255);\"><div class=\"x-row-inner\"><div class=\"x-col e9333-e36 m779-t m779-u m779-x m779-y m779-11 m779-12 m779-15\"><div class=\"x-text x-content e9333-e37 m779-18 m779-1d m779-1h m779-1j m779-1k m779-1l m779-1o\"><h3>Las ventajas del plan de descuento interno incluyen:<\/h3><\/div><div class=\"x-text x-content e9333-e38 m779-18 m779-19 m779-1a m779-1d m779-1f m779-1l m779-1n m779-1p m779-1t\"><ul>\n<li>No hay prestaciones m\u00e1ximas anuales individuales o familiares permitidas<\/li>\n<li>Sin franquicias<\/li>\n<li>No hay que rellenar ni enviar formularios de reclamaci\u00f3n al seguro<\/li>\n<li>Sin limitaciones del seguro para tratamientos preexistentes<\/li>\n<li>Sin requisitos de autorizaci\u00f3n previa<\/li>\n<li>No se deniega la cobertura a los pacientes sin seguro<\/li>\n<li>Sin gastos ocultos<\/li>\n<li>Admisibilidad inmediata sin periodos de espera<\/li>\n<li>Excelente atenci\u00f3n dental con importantes descuentos<\/li>\n<\/ul><\/div><\/div><\/div><\/div><div class=\"x-row x-container max width e9333-e39 m779-7 m779-b m779-c m779-j m779-k m779-s\" style=\"--tco-dc779-1k:rgb(91, 160, 98);--tco-dc779-1n:rgb(91, 160, 98);\"><div class=\"x-row-inner\"><div class=\"x-col e9333-e40 m779-t m779-v m779-x m779-y m779-z m779-12\"><div class=\"x-text x-content e9333-e41 m779-18 m779-1a m779-1d m779-1e m779-1h m779-1k m779-1l m779-1q\"><h3 class=\"txt_white\">\u00bfEst\u00e1 listo para inscribirse o quiere saber m\u00e1s sobre c\u00f3mo puede ahorrar con el plan de descuentos internos?<\/h3><\/div><div class=\"x-text x-content e9333-e42 m779-18 m779-1a m779-1d m779-1e m779-1h m779-1k m779-1l m779-1q\"><h3 class=\"txt_white\">P\u00f3ngase en contacto con nosotros hoy mismo.<\/h3><\/div><\/div><\/div><\/div><\/div><\/div>","protected":false},"excerpt":{"rendered":"<p>\u00bfNo tiene seguro? No hay problema. Plan de descuento dental en Orlando, Florida. \u00a1P\u00f3ngase en contacto con el Dr. Phillips Odontolog\u00eda en 407-226-3350 para obtener ayuda ahora!<\/p>","protected":false},"author":2,"featured_media":0,"parent":0,"menu_order":0,"comment_status":"closed","ping_status":"closed","template":"template-blank-4.php","meta":{"footnotes":""},"class_list":["post-9333","page","type-page","status-publish","hentry","no-post-thumbnail"],"aioseo_notices":[],"aioseo_head":"\n\t\t<!-- All in One SEO Pro 4.9.5.1 - aioseo.com -->\n\t<meta name=\"description\" content=\"No insurance? No problem! In-house dental discount plan in Orlando, Florida. Contact Dr. Phillips Dentistry at 407-226-3350 to get help now!\" \/>\n\t<meta name=\"robots\" content=\"max-image-preview:large\" \/>\n\t<link rel=\"canonical\" href=\"https:\/\/dentaldrphillips.com\/es\/inhouse-discount-plan\/\" \/>\n\t<meta name=\"generator\" content=\"All in One SEO Pro (AIOSEO) 4.9.5.1\" \/>\n\t\t<meta property=\"og:locale\" content=\"es_ES\" \/>\n\t\t<meta property=\"og:site_name\" content=\"Dr. Phillips Dentistry - Dr. Phillips Dentistry\" \/>\n\t\t<meta property=\"og:type\" content=\"article\" \/>\n\t\t<meta property=\"og:title\" content=\"InHouse Discount Plan - Dr. Phillips Dentistry - Dentist Near You\" \/>\n\t\t<meta property=\"og:description\" content=\"No insurance? No problem! In-house dental discount plan in Orlando, Florida. Contact Dr. Phillips Dentistry at 407-226-3350 to get help now!\" \/>\n\t\t<meta property=\"og:url\" content=\"https:\/\/dentaldrphillips.com\/es\/inhouse-discount-plan\/\" \/>\n\t\t<meta property=\"og:image\" content=\"https:\/\/dentaldrphillips.com\/wp-content\/uploads\/sites\/15\/2023\/11\/DPD.jpg\" \/>\n\t\t<meta property=\"og:image:secure_url\" content=\"https:\/\/dentaldrphillips.com\/wp-content\/uploads\/sites\/15\/2023\/11\/DPD.jpg\" \/>\n\t\t<meta property=\"og:image:width\" content=\"1200\" \/>\n\t\t<meta property=\"og:image:height\" content=\"630\" \/>\n\t\t<meta property=\"article:published_time\" content=\"2020-08-26T13:06:17+00:00\" \/>\n\t\t<meta property=\"article:modified_time\" content=\"2026-04-01T16:24:44+00:00\" \/>\n\t\t<meta name=\"twitter:card\" content=\"summary\" \/>\n\t\t<meta name=\"twitter:title\" content=\"InHouse Discount Plan - Dr. Phillips Dentistry - Dentist Near You\" \/>\n\t\t<meta name=\"twitter:description\" content=\"No insurance? No problem! In-house dental discount plan in Orlando, Florida. Contact Dr. Phillips Dentistry at 407-226-3350 to get help now!\" \/>\n\t\t<meta name=\"twitter:image\" content=\"https:\/\/dentaldrphillips.com\/wp-content\/uploads\/sites\/15\/2023\/11\/DPD.jpg\" \/>\n\t\t<script type=\"application\/ld+json\" class=\"aioseo-schema\">\n\t\t\t{\"@context\":\"https:\\\/\\\/schema.org\",\"@graph\":[{\"@type\":\"BreadcrumbList\",\"@id\":\"https:\\\/\\\/dentaldrphillips.com\\\/es\\\/inhouse-discount-plan\\\/#breadcrumblist\",\"itemListElement\":[{\"@type\":\"ListItem\",\"@id\":\"https:\\\/\\\/dentaldrphillips.com\\\/es#listItem\",\"position\":1,\"name\":\"Home\",\"item\":\"https:\\\/\\\/dentaldrphillips.com\\\/es\",\"nextItem\":{\"@type\":\"ListItem\",\"@id\":\"https:\\\/\\\/dentaldrphillips.com\\\/es\\\/inhouse-discount-plan\\\/#listItem\",\"name\":\"InHouse Discount Plan\"}},{\"@type\":\"ListItem\",\"@id\":\"https:\\\/\\\/dentaldrphillips.com\\\/es\\\/inhouse-discount-plan\\\/#listItem\",\"position\":2,\"name\":\"InHouse Discount Plan\",\"previousItem\":{\"@type\":\"ListItem\",\"@id\":\"https:\\\/\\\/dentaldrphillips.com\\\/es#listItem\",\"name\":\"Home\"}}]},{\"@type\":\"Organization\",\"@id\":\"https:\\\/\\\/dentaldrphillips.com\\\/es\\\/#organization\",\"name\":\"Dr. Phillips Dentistry\",\"description\":\"Dr. Phillips Dentistry\",\"url\":\"https:\\\/\\\/dentaldrphillips.com\\\/es\\\/\",\"email\":\"contact@dentaldrphillips.com\",\"telephone\":\"+14072263350\",\"logo\":{\"@type\":\"ImageObject\",\"url\":\"http:\\\/\\\/dentaldrphillips.com\\\/wp-content\\\/uploads\\\/2020\\\/10\\\/logo_squaare.jpg\",\"@id\":\"https:\\\/\\\/dentaldrphillips.com\\\/es\\\/inhouse-discount-plan\\\/#organizationLogo\"},\"image\":{\"@id\":\"https:\\\/\\\/dentaldrphillips.com\\\/es\\\/inhouse-discount-plan\\\/#organizationLogo\"},\"address\":{\"@id\":\"https:\\\/\\\/dentaldrphillips.com\\\/es\\\/#postaladdress\",\"@type\":\"PostalAddress\",\"streetAddress\":\"7800 W Sand Lake Rd Suite 220,\",\"postalCode\":\"32819\",\"addressLocality\":\"Orlando\",\"addressRegion\":\"Florida\",\"addressCountry\":\"US\"}},{\"@type\":\"WebPage\",\"@id\":\"https:\\\/\\\/dentaldrphillips.com\\\/es\\\/inhouse-discount-plan\\\/#webpage\",\"url\":\"https:\\\/\\\/dentaldrphillips.com\\\/es\\\/inhouse-discount-plan\\\/\",\"name\":\"InHouse Discount Plan - Dr. Phillips Dentistry - Dentist Near You\",\"description\":\"No insurance? No problem! In-house dental discount plan in Orlando, Florida. Contact Dr. Phillips Dentistry at 407-226-3350 to get help now!\",\"inLanguage\":\"es-ES\",\"isPartOf\":{\"@id\":\"https:\\\/\\\/dentaldrphillips.com\\\/es\\\/#website\"},\"breadcrumb\":{\"@id\":\"https:\\\/\\\/dentaldrphillips.com\\\/es\\\/inhouse-discount-plan\\\/#breadcrumblist\"},\"datePublished\":\"2020-08-26T13:06:17-04:00\",\"dateModified\":\"2026-04-01T12:24:44-04:00\"},{\"@type\":\"WebSite\",\"@id\":\"https:\\\/\\\/dentaldrphillips.com\\\/es\\\/#website\",\"url\":\"https:\\\/\\\/dentaldrphillips.com\\\/es\\\/\",\"name\":\"Dr. Phillips Dentistry\",\"description\":\"Dr. Phillips Dentistry\",\"inLanguage\":\"es-ES\",\"publisher\":{\"@id\":\"https:\\\/\\\/dentaldrphillips.com\\\/es\\\/#organization\"}}]}\n\t\t<\/script>\n\t\t<!-- All in One SEO Pro -->\r\n\t\t<title>InHouse Discount Plan - Dr. Phillips Dentistry - Dentist Near You<\/title>\n\n","aioseo_head_json":{"title":"Plan de descuento interno - Dr. Phillips Dentistry - Dentista cerca de usted","description":"\u00bfNo tiene seguro? No hay problema. Plan de descuento dental en Orlando, Florida. \u00a1P\u00f3ngase en contacto con el Dr. Phillips Odontolog\u00eda en 407-226-3350 para obtener ayuda ahora!","canonical_url":"https:\/\/dentaldrphillips.com\/es\/inhouse-discount-plan\/","robots":"max-image-preview:large","keywords":"","webmasterTools":{"miscellaneous":""},"schema":{"@context":"https:\/\/schema.org","@graph":[{"@type":"BreadcrumbList","@id":"https:\/\/dentaldrphillips.com\/es\/inhouse-discount-plan\/#breadcrumblist","itemListElement":[{"@type":"ListItem","@id":"https:\/\/dentaldrphillips.com\/es#listItem","position":1,"name":"Home","item":"https:\/\/dentaldrphillips.com\/es","nextItem":{"@type":"ListItem","@id":"https:\/\/dentaldrphillips.com\/es\/inhouse-discount-plan\/#listItem","name":"InHouse Discount Plan"}},{"@type":"ListItem","@id":"https:\/\/dentaldrphillips.com\/es\/inhouse-discount-plan\/#listItem","position":2,"name":"InHouse Discount Plan","previousItem":{"@type":"ListItem","@id":"https:\/\/dentaldrphillips.com\/es#listItem","name":"Home"}}]},{"@type":"Organization","@id":"https:\/\/dentaldrphillips.com\/es\/#organization","name":"Dr. Phillips Dentistry","description":"Dr. Phillips Dentistry","url":"https:\/\/dentaldrphillips.com\/es\/","email":"contact@dentaldrphillips.com","telephone":"+14072263350","logo":{"@type":"ImageObject","url":"http:\/\/dentaldrphillips.com\/wp-content\/uploads\/2020\/10\/logo_squaare.jpg","@id":"https:\/\/dentaldrphillips.com\/es\/inhouse-discount-plan\/#organizationLogo"},"image":{"@id":"https:\/\/dentaldrphillips.com\/es\/inhouse-discount-plan\/#organizationLogo"},"address":{"@id":"https:\/\/dentaldrphillips.com\/es\/#postaladdress","@type":"PostalAddress","streetAddress":"7800 W Sand Lake Rd Suite 220,","postalCode":"32819","addressLocality":"Orlando","addressRegion":"Florida","addressCountry":"US"}},{"@type":"WebPage","@id":"https:\/\/dentaldrphillips.com\/es\/inhouse-discount-plan\/#webpage","url":"https:\/\/dentaldrphillips.com\/es\/inhouse-discount-plan\/","name":"InHouse Discount Plan - Dr. Phillips Dentistry - Dentist Near You","description":"No insurance? No problem! In-house dental discount plan in Orlando, Florida. Contact Dr. Phillips Dentistry at 407-226-3350 to get help now!","inLanguage":"es-ES","isPartOf":{"@id":"https:\/\/dentaldrphillips.com\/es\/#website"},"breadcrumb":{"@id":"https:\/\/dentaldrphillips.com\/es\/inhouse-discount-plan\/#breadcrumblist"},"datePublished":"2020-08-26T13:06:17-04:00","dateModified":"2026-04-01T12:24:44-04:00"},{"@type":"WebSite","@id":"https:\/\/dentaldrphillips.com\/es\/#website","url":"https:\/\/dentaldrphillips.com\/es\/","name":"Dr. Phillips Dentistry","description":"Dr. Phillips Dentistry","inLanguage":"es-ES","publisher":{"@id":"https:\/\/dentaldrphillips.com\/es\/#organization"}}]},"og:locale":"es_ES","og:site_name":"Dr. Phillips Dentistry - Dr. Phillips Dentistry","og:type":"article","og:title":"InHouse Discount Plan - Dr. Phillips Dentistry - Dentist Near You","og:description":"No insurance? No problem! In-house dental discount plan in Orlando, Florida. Contact Dr. Phillips Dentistry at 407-226-3350 to get help now!","og:url":"https:\/\/dentaldrphillips.com\/es\/inhouse-discount-plan\/","og:image":"https:\/\/dentaldrphillips.com\/wp-content\/uploads\/sites\/15\/2023\/11\/DPD.jpg","og:image:secure_url":"https:\/\/dentaldrphillips.com\/wp-content\/uploads\/sites\/15\/2023\/11\/DPD.jpg","og:image:width":1200,"og:image:height":630,"article:published_time":"2020-08-26T13:06:17+00:00","article:modified_time":"2026-04-01T16:24:44+00:00","twitter:card":"summary","twitter:title":"InHouse Discount Plan - Dr. Phillips Dentistry - Dentist Near You","twitter:description":"No insurance? No problem! In-house dental discount plan in Orlando, Florida. Contact Dr. Phillips Dentistry at 407-226-3350 to get help now!","twitter:image":"https:\/\/dentaldrphillips.com\/wp-content\/uploads\/sites\/15\/2023\/11\/DPD.jpg"},"aioseo_meta_data":{"post_id":"9333","title":null,"description":null,"keywords":null,"keyphrases":null,"primary_term":null,"canonical_url":null,"og_title":null,"og_description":null,"og_object_type":"default","og_image_type":"default","og_image_url":null,"og_image_width":null,"og_image_height":null,"og_image_custom_url":null,"og_image_custom_fields":null,"og_video":null,"og_custom_url":null,"og_article_section":null,"og_article_tags":null,"twitter_use_og":false,"twitter_card":"default","twitter_image_type":"default","twitter_image_url":null,"twitter_image_custom_url":null,"twitter_image_custom_fields":null,"twitter_title":null,"twitter_description":null,"schema":{"blockGraphs":[],"customGraphs":[],"default":{"data":{"Article":[],"Course":[],"Dataset":[],"FAQPage":[],"Movie":[],"Person":[],"Product":[],"ProductReview":[],"Car":[],"Recipe":[],"Service":[],"SoftwareApplication":[],"WebPage":[]},"graphName":"","isEnabled":true},"graphs":[]},"schema_type":"default","schema_type_options":null,"pillar_content":false,"robots_default":true,"robots_noindex":false,"robots_noarchive":false,"robots_nosnippet":false,"robots_nofollow":false,"robots_noimageindex":false,"robots_noodp":false,"robots_notranslate":false,"robots_max_snippet":null,"robots_max_videopreview":null,"robots_max_imagepreview":"large","priority":null,"frequency":null,"local_seo":null,"seo_analyzer_scan_date":"2026-04-01 16:39:22","breadcrumb_settings":null,"limit_modified_date":false,"reviewed_by":null,"open_ai":null,"ai":null,"created":"2023-10-18 17:08:23","updated":"2026-04-01 18:02:46"},"aioseo_breadcrumb":"<div class=\"aioseo-breadcrumbs\"><span class=\"aioseo-breadcrumb\">\n\t<a href=\"https:\/\/dentaldrphillips.com\/es\" title=\"Home\">Home<\/a>\n<\/span><span class=\"aioseo-breadcrumb-separator\">&raquo;<\/span><span class=\"aioseo-breadcrumb\">\n\tInHouse Discount Plan\n<\/span><\/div>","aioseo_breadcrumb_json":[{"label":"Home","link":"https:\/\/dentaldrphillips.com\/es"},{"label":"InHouse Discount Plan","link":"https:\/\/dentaldrphillips.com\/es\/inhouse-discount-plan\/"}],"_links":{"self":[{"href":"https:\/\/dentaldrphillips.com\/es\/wp-json\/wp\/v2\/pages\/9333","targetHints":{"allow":["GET"]}}],"collection":[{"href":"https:\/\/dentaldrphillips.com\/es\/wp-json\/wp\/v2\/pages"}],"about":[{"href":"https:\/\/dentaldrphillips.com\/es\/wp-json\/wp\/v2\/types\/page"}],"author":[{"embeddable":true,"href":"https:\/\/dentaldrphillips.com\/es\/wp-json\/wp\/v2\/users\/2"}],"replies":[{"embeddable":true,"href":"https:\/\/dentaldrphillips.com\/es\/wp-json\/wp\/v2\/comments?post=9333"}],"version-history":[{"count":0,"href":"https:\/\/dentaldrphillips.com\/es\/wp-json\/wp\/v2\/pages\/9333\/revisions"}],"wp:attachment":[{"href":"https:\/\/dentaldrphillips.com\/es\/wp-json\/wp\/v2\/media?parent=9333"}],"curies":[{"name":"wp","href":"https:\/\/api.w.org\/{rel}","templated":true}]}}