{"id":9284,"date":"2023-06-20T19:37:11","date_gmt":"2023-06-20T19:37:11","guid":{"rendered":"https:\/\/dentaldrphillips.com\/cigna-dental-insurance-plans\/"},"modified":"2026-04-21T11:32:35","modified_gmt":"2026-04-21T15:32:35","slug":"cigna-dental-insurance-plans","status":"publish","type":"page","link":"https:\/\/dentaldrphillips.com\/es\/cigna-dental-insurance-plans\/","title":{"rendered":"Planes de seguro dental de Cigna Healthcare"},"content":{"rendered":"<div id=\"cs-content\" class=\"cs-content\"><div class=\"x-section e9284-e1 m75w-0 m75w-1 m75w-2 m75w-5 hero_video\" style=\"--tco-dc75w-1:rgb(91, 160, 98);--tco-dc75w-4:rgb(91, 160, 98);\"><div class=\"x-bg\" aria-hidden=\"true\"><div class=\"x-bg-layer-lower-color\"><\/div><div class=\"x-bg-layer-upper-color\"><\/div><\/div><div class=\"x-row x-container max width e9284-e2 m75w-6 m75w-7 m75w-8 m75w-e m75w-f\"><div class=\"x-row-inner\"><div class=\"x-col e9284-e3 m75w-k m75w-l m75w-m m75w-n m75w-o\"><div class=\"x-div e9284-e4 m75w-t\"><div class=\"x-text x-content e9284-e5 m75w-u m75w-v m75w-w m75w-x m75w-y m75w-z\"><p class=\"p9px txt_white\">Se Habla Espa\u00f1ol<\/p><\/div><div class=\"x-text x-content e9284-e6 m75w-u m75w-v m75w-w m75w-x m75w-y m75w-z\"><p class=\"p9px txt_white\">Citas de urgencia disponibles<\/p><\/div><\/div><div class=\"x-text x-content e9284-e7 m75w-u m75w-w m75w-z m75w-10\"><a class=\"x-image\" href=\"\/es\/homepage\/\" style=\"outline: none;\"><img sizes=\"(max-width: 960px) 100vw, 960px\" srcset=\"https:\/\/dentaldrphillips.com\/wp-content\/uploads\/sites\/15\/2025\/09\/GPI-0128-001_DPD_White_960x328.png 960w, https:\/\/dentaldrphillips.com\/wp-content\/uploads\/sites\/15\/2025\/09\/GPI-0128-001_DPD_White_960x328-300x103.png 300w, https:\/\/dentaldrphillips.com\/wp-content\/uploads\/sites\/15\/2025\/09\/GPI-0128-001_DPD_White_960x328-768x262.png 768w, https:\/\/dentaldrphillips.com\/wp-content\/uploads\/sites\/15\/2025\/09\/GPI-0128-001_DPD_White_960x328-18x6.png 18w, https:\/\/dentaldrphillips.com\/wp-content\/uploads\/sites\/15\/2025\/09\/GPI-0128-001_DPD_White_960x328-100x34.png 100w\" decoding=\"async\" src=\"https:\/\/dentaldrphillips.com\/wp-content\/uploads\/sites\/15\/2025\/09\/GPI-0128-001_DPD_White_960x328.png\" width=\"455\" height=\"164\" alt=\"Dr. Phillips Dentistry Logo\" loading=\"lazy\"><\/a><\/div><\/div><\/div><\/div><div class=\"x-row x-container max width e9284-e8 m75w-6 m75w-8 m75w-9 m75w-e m75w-g\"><div class=\"x-row-inner\"><div class=\"x-col e9284-e9 m75w-k m75w-m m75w-n m75w-o m75w-p m75w-q\"><div class=\"x-text x-content e9284-e10 m75w-u m75w-w m75w-y m75w-11 m75w-12\"><h1 class=\"txt_white\">Planes de seguro m\u00e9dico de Cigna<\/h1><\/div><div class=\"x-text x-content e9284-e11 m75w-u m75w-w m75w-z m75w-10\"><p class=\"pdefault\"><a href=\"\/es\/insurances-we-accept\/#od_insuranceblock\" class=\"txt_white\">Volver a la p\u00e1gina de seguros<\/a><\/p><\/div><\/div><\/div><\/div><\/div><div class=\"x-section e9284-e12 m75w-0 m75w-3\" style=\"--tco-dc75w-6:rgba(186, 195, 146, .5);--tco-dc75w-9:rgba(186, 195, 146, .5);\"><div class=\"x-row x-container max width e9284-e13 m75w-6 m75w-8 m75w-a m75w-b m75w-e m75w-h\" style=\"--tco-dc75w-c:rgb(255, 255, 255);--tco-dc75w-f:rgb(255, 255, 255);\"><div class=\"x-row-inner\"><div class=\"x-col e9284-e14 m75w-k m75w-l m75w-o m75w-r\"><div class=\"x-text x-content e9284-e15 m75w-u m75w-w m75w-z m75w-11 m75w-13\"><h2>Dr. Phillips Odontolog\u00eda acepta los siguientes planes de seguro de salud Cigna<\/h2><\/div><div class=\"x-text x-content e9284-e16 m75w-u m75w-v m75w-w m75w-z m75w-14 m75w-15\"><ul>\r\n        <li class=\"ins_li\" data-no-translation=\"\" data-no-auto-translation=\"\">Cigna Advantage<\/li>\r\n\t<li class=\"ins_li\" data-no-translation=\"\" data-no-auto-translation=\"\">Cigna DPPO<\/li>\r\n\t<li class=\"ins_li\" data-no-translation=\"\" data-no-auto-translation=\"\">Cigna DPPO Advantage<\/li>\r\n\t<li class=\"ins_li\" data-no-translation=\"\" data-no-auto-translation=\"\">Cigna DPPO ADMP<\/li>\r\n        <li class=\"ins_li\" data-no-translation=\"\" data-no-auto-translation=\"\">Cigna Radius<\/li>\r\n\t<li class=\"ins_li\" data-no-translation=\"\" data-no-auto-translation=\"\">Total Cigna DPPO<\/li>\r\n<\/ul><\/div><div class=\"x-text x-content e9284-e17 m75w-u m75w-v m75w-w m75w-z m75w-14\"><p class=\"pdefault\"><b>Si no encuentra su seguro aqu\u00ed, por favor <a href=\"\/es\/contact-us\/\">Contacto<\/a> para ayudarle m\u00e1s.<\/b> <i>Tenga en cuenta que actualmente no aceptamos Medicaid ni planes HMO.<\/i><\/p><\/div><div class=\"x-text x-content e9284-e18 m75w-u m75w-v m75w-w m75w-z m75w-14\"><p class=\"pdefault\"><a href=\"\/es\/insurances-we-accept\/#od_insuranceblock\" class=\"txt_under\">Volver a la p\u00e1gina de seguros<\/a><\/p><\/div><\/div><\/div><\/div><div class=\"x-row x-container max width e9284-e19 m75w-6 m75w-8 m75w-a m75w-c m75w-e m75w-i\" style=\"--tco-dc75w-i:rgb(255, 255, 255);--tco-dc75w-l:rgb(255, 255, 255);--tco-dc75w-o:rgb(255, 255, 255);\"><div class=\"x-row-inner\"><div class=\"x-col e9284-e20 m75w-o m75w-s\"><div class=\"x-text x-content e9284-e21 m75w-u m75w-v m75w-14 m75w-16\"><p class=\"pdefault\">Cigna es una excelente opci\u00f3n de seguro dental para particulares y familias que buscan una cobertura completa para la mayor\u00eda de los servicios dentales preventivos y de diagn\u00f3stico a un precio competitivo o sin coste adicional. Su extensa red de profesionales dentales garantiza el acceso a una amplia gama de servicios y especialistas.<\/p>\n<p class=\"pdefault\">Cigna da prioridad al bienestar preventivo, haciendo hincapi\u00e9 en las revisiones y limpiezas peri\u00f3dicas para mantener una salud bucodental \u00f3ptima. Ofrecen funciones de ahorro, como descuentos en determinados procedimientos, y c\u00f3modas herramientas en l\u00ednea para gestionar las prestaciones. Con un enfoque en la atenci\u00f3n de calidad y la satisfacci\u00f3n del cliente, los planes dentales PPO de Cigna proporcionan tranquilidad y flexibilidad para aquellos que buscan una cobertura de seguro dental fiable.<\/p>\n<p class=\"pdefault\">Para m\u00e1s informaci\u00f3n, <a href=\"https:\/\/www.cigna.com\/\" target=\"_new\">haga clic aqu\u00ed para visitar su sitio web.<\/a><\/p><\/div><\/div><div class=\"x-col e9284-e22 m75w-k m75w-m m75w-o m75w-p\"><span class=\"x-image e9284-e23 m75w-17\"><img decoding=\"async\" src=\"https:\/\/dentaldrphillips.com\/wp-content\/uploads\/sites\/15\/2023\/06\/cigna-logo.png\" srcset=\"https:\/\/dentaldrphillips.com\/wp-content\/uploads\/sites\/15\/2023\/06\/cigna-logo.png 500w, https:\/\/dentaldrphillips.com\/wp-content\/uploads\/sites\/15\/2023\/06\/cigna-logo-300x161.png 300w, https:\/\/dentaldrphillips.com\/wp-content\/uploads\/sites\/15\/2023\/06\/cigna-logo-100x54.png 100w\" sizes=\"(max-width: 500px) 100vw, 500px\" alt=\"Cigna Healthcare logo featuring the word cigna in blue lowercase letters with a green and blue abstract tree design above the i, and healthcare written in smaller blue letters below.\"><\/span><\/div><\/div><\/div><\/div><div class=\"x-section e9284-e24 m75w-0 m75w-1 m75w-4\"><div class=\"x-row e9284-e25 m75w-6 m75w-d m75w-e m75w-j\"><div class=\"x-row-inner\"><div class=\"x-col e9284-e26 m75w-o\"><div class=\"cs-content x-global-block x-global-block-9393 e9393-e0\"><div class=\"x-section e9393-e2 m78x-0\" style=\"--tco-dc78x-1:rgb(255, 255, 255);--tco-dc78x-4:rgb(255, 255, 255);\"><div class=\"x-row x-container max width e9393-e3 m78x-1 m78x-2 m78x-3\"><div class=\"x-row-inner\"><div class=\"x-col e9393-e4 m78x-5 m78x-6 m78x-7\"><div class=\"x-text x-content e9393-e5 m78x-a m78x-b\"><h2>Opciones de pago flexibles<\/h2>\n<h3>Para una atenci\u00f3n dental de alta calidad en Orlando<\/h3><\/div><div class=\"x-text x-content e9393-e6 m78x-a m78x-c\"><p class=\"pdefault\">Para su comodidad, el Dr. Phillips Odontolog\u00eda acepta:<\/p>\n\n<ul>\n \t<li class=\"pdefault\">Una amplia gama de planes de seguro dental PPO -<span>\u00a0<\/span><a href=\"\/es\/insurances-we-accept\/\" target=\"_self\"><b>pulse aqu\u00ed<\/b> para ver qu\u00e9 seguros aceptamos<\/a><\/li>\n \t<li class=\"pdefault\">Plan interno de descuentos y ofertas especiales para pacientes sin seguro m\u00e9dico<\/li>\n \t<li class=\"pdefault\">Efectivo y cheque<\/li>\n \t<li class=\"pdefault\">Todas las principales tarjetas de cr\u00e9dito, incluidas MasterCard, VISA, Discover, American Express, etc.<\/li>\n<\/ul>\n<p class=\"pdefault\"><b>NO aceptamos planes HMO ni Medicaid.<\/b><\/p><\/div><\/div><div class=\"x-col e9393-e7 m78x-5 m78x-8 m78x-9\"><a class=\"x-image e9393-e8 m78x-e\" href=\"https:\/\/apply.sunbit.com\/DrPhillipsDentistry\" target=\"_blank\" rel=\"noopener noreferrer\"><img decoding=\"async\" src=\"https:\/\/dentaldrphillips.com\/wp-content\/uploads\/sites\/15\/2025\/11\/Dntl_Web_600x500-1.png\" srcset=\"https:\/\/dentaldrphillips.com\/wp-content\/uploads\/sites\/15\/2025\/11\/Dntl_Web_600x500-1.png 600w, https:\/\/dentaldrphillips.com\/wp-content\/uploads\/sites\/15\/2025\/11\/Dntl_Web_600x500-1-300x250.png 300w, https:\/\/dentaldrphillips.com\/wp-content\/uploads\/sites\/15\/2025\/11\/Dntl_Web_600x500-1-14x12.png 14w, https:\/\/dentaldrphillips.com\/wp-content\/uploads\/sites\/15\/2025\/11\/Dntl_Web_600x500-1-100x83.png 100w\" sizes=\"(max-width: 600px) 100vw, 600px\" alt=\"Smile now, Pay-over-time with sunbit\"><\/a><\/div><\/div><\/div><\/div><\/div><\/div><\/div><\/div><\/div><\/div>","protected":false},"excerpt":{"rendered":"<p>Los planes de seguro Dr. Phillips Odontolog\u00eda acepta. \u00a1Llame al 407-226-3350 hoy para programar su cita con nuestros dentistas cualificados y de confianza!<\/p>","protected":false},"author":1,"featured_media":0,"parent":0,"menu_order":0,"comment_status":"closed","ping_status":"closed","template":"template-blank-4.php","meta":{"footnotes":""},"class_list":["post-9284","page","type-page","status-publish","hentry","no-post-thumbnail"],"aioseo_notices":[],"aioseo_head":"\n\t\t<!-- All in One SEO Pro 4.9.5.1 - aioseo.com -->\n\t<meta name=\"description\" content=\"The insurance plans Dr. Phillips Dentistry accepts. Call 407-226-3350 today to schedule your appointment with our skilled and trusted dentists!\" \/>\n\t<meta name=\"robots\" content=\"max-image-preview:large\" \/>\n\t<link rel=\"canonical\" href=\"https:\/\/dentaldrphillips.com\/es\/cigna-dental-insurance-plans\/\" \/>\n\t<meta name=\"generator\" content=\"All in One SEO Pro (AIOSEO) 4.9.5.1\" \/>\n\t\t<meta property=\"og:locale\" content=\"es_ES\" \/>\n\t\t<meta property=\"og:site_name\" content=\"Dr. Phillips Dentistry - Dr. Phillips Dentistry\" \/>\n\t\t<meta property=\"og:type\" content=\"article\" \/>\n\t\t<meta property=\"og:title\" content=\"Cigna Healthcare Dental Insurance Plans - Dr. Phillips Dentistry - Dentist Near You\" \/>\n\t\t<meta property=\"og:description\" content=\"The insurance plans Dr. Phillips Dentistry accepts. Call 407-226-3350 today to schedule your appointment with our skilled and trusted dentists!\" \/>\n\t\t<meta property=\"og:url\" content=\"https:\/\/dentaldrphillips.com\/es\/cigna-dental-insurance-plans\/\" \/>\n\t\t<meta property=\"og:image\" content=\"https:\/\/dentaldrphillips.com\/wp-content\/uploads\/sites\/15\/2023\/11\/DPD.jpg\" \/>\n\t\t<meta property=\"og:image:secure_url\" content=\"https:\/\/dentaldrphillips.com\/wp-content\/uploads\/sites\/15\/2023\/11\/DPD.jpg\" \/>\n\t\t<meta property=\"og:image:width\" content=\"1200\" \/>\n\t\t<meta property=\"og:image:height\" content=\"630\" \/>\n\t\t<meta property=\"article:published_time\" content=\"2023-06-20T19:37:11+00:00\" \/>\n\t\t<meta property=\"article:modified_time\" content=\"2026-04-21T15:32:35+00:00\" \/>\n\t\t<meta name=\"twitter:card\" content=\"summary\" \/>\n\t\t<meta name=\"twitter:title\" content=\"Cigna Healthcare Dental Insurance Plans - Dr. Phillips Dentistry - Dentist Near You\" \/>\n\t\t<meta name=\"twitter:description\" content=\"The insurance plans Dr. Phillips Dentistry accepts. Call 407-226-3350 today to schedule your appointment with our skilled and trusted dentists!\" \/>\n\t\t<meta name=\"twitter:image\" content=\"https:\/\/dentaldrphillips.com\/wp-content\/uploads\/sites\/15\/2023\/11\/DPD.jpg\" \/>\n\t\t<script type=\"application\/ld+json\" class=\"aioseo-schema\">\n\t\t\t{\"@context\":\"https:\\\/\\\/schema.org\",\"@graph\":[{\"@type\":\"BreadcrumbList\",\"@id\":\"https:\\\/\\\/dentaldrphillips.com\\\/es\\\/cigna-dental-insurance-plans\\\/#breadcrumblist\",\"itemListElement\":[{\"@type\":\"ListItem\",\"@id\":\"https:\\\/\\\/dentaldrphillips.com\\\/es#listItem\",\"position\":1,\"name\":\"Home\",\"item\":\"https:\\\/\\\/dentaldrphillips.com\\\/es\",\"nextItem\":{\"@type\":\"ListItem\",\"@id\":\"https:\\\/\\\/dentaldrphillips.com\\\/es\\\/cigna-dental-insurance-plans\\\/#listItem\",\"name\":\"Cigna Healthcare Dental Insurance Plans\"}},{\"@type\":\"ListItem\",\"@id\":\"https:\\\/\\\/dentaldrphillips.com\\\/es\\\/cigna-dental-insurance-plans\\\/#listItem\",\"position\":2,\"name\":\"Cigna Healthcare Dental Insurance Plans\",\"previousItem\":{\"@type\":\"ListItem\",\"@id\":\"https:\\\/\\\/dentaldrphillips.com\\\/es#listItem\",\"name\":\"Home\"}}]},{\"@type\":\"Organization\",\"@id\":\"https:\\\/\\\/dentaldrphillips.com\\\/es\\\/#organization\",\"name\":\"Dr. Phillips Dentistry\",\"description\":\"Dr. Phillips Dentistry\",\"url\":\"https:\\\/\\\/dentaldrphillips.com\\\/es\\\/\",\"email\":\"contact@dentaldrphillips.com\",\"telephone\":\"+14072263350\",\"logo\":{\"@type\":\"ImageObject\",\"url\":\"http:\\\/\\\/dentaldrphillips.com\\\/wp-content\\\/uploads\\\/2020\\\/10\\\/logo_squaare.jpg\",\"@id\":\"https:\\\/\\\/dentaldrphillips.com\\\/es\\\/cigna-dental-insurance-plans\\\/#organizationLogo\"},\"image\":{\"@id\":\"https:\\\/\\\/dentaldrphillips.com\\\/es\\\/cigna-dental-insurance-plans\\\/#organizationLogo\"},\"address\":{\"@id\":\"https:\\\/\\\/dentaldrphillips.com\\\/es\\\/#postaladdress\",\"@type\":\"PostalAddress\",\"streetAddress\":\"7800 W Sand Lake Rd Suite 220,\",\"postalCode\":\"32819\",\"addressLocality\":\"Orlando\",\"addressRegion\":\"Florida\",\"addressCountry\":\"US\"}},{\"@type\":\"WebPage\",\"@id\":\"https:\\\/\\\/dentaldrphillips.com\\\/es\\\/cigna-dental-insurance-plans\\\/#webpage\",\"url\":\"https:\\\/\\\/dentaldrphillips.com\\\/es\\\/cigna-dental-insurance-plans\\\/\",\"name\":\"Cigna Healthcare Dental Insurance Plans - Dr. Phillips Dentistry - Dentist Near You\",\"description\":\"The insurance plans Dr. Phillips Dentistry accepts. Call 407-226-3350 today to schedule your appointment with our skilled and trusted dentists!\",\"inLanguage\":\"es-ES\",\"isPartOf\":{\"@id\":\"https:\\\/\\\/dentaldrphillips.com\\\/es\\\/#website\"},\"breadcrumb\":{\"@id\":\"https:\\\/\\\/dentaldrphillips.com\\\/es\\\/cigna-dental-insurance-plans\\\/#breadcrumblist\"},\"datePublished\":\"2023-06-20T19:37:11-04:00\",\"dateModified\":\"2026-04-21T11:32:35-04:00\"},{\"@type\":\"WebSite\",\"@id\":\"https:\\\/\\\/dentaldrphillips.com\\\/es\\\/#website\",\"url\":\"https:\\\/\\\/dentaldrphillips.com\\\/es\\\/\",\"name\":\"Dr. Phillips Dentistry\",\"description\":\"Dr. Phillips Dentistry\",\"inLanguage\":\"es-ES\",\"publisher\":{\"@id\":\"https:\\\/\\\/dentaldrphillips.com\\\/es\\\/#organization\"}}]}\n\t\t<\/script>\n\t\t<!-- All in One SEO Pro -->\r\n\t\t<title>Cigna Healthcare Dental Insurance Plans - Dr. Phillips Dentistry - Dentist Near You<\/title>\n\n","aioseo_head_json":{"title":"Planes de seguro dental de Cigna Healthcare - Dr. Phillips Dentistry - Dentista cerca de usted","description":"Los planes de seguro Dr. Phillips Odontolog\u00eda acepta. \u00a1Llame al 407-226-3350 hoy para programar su cita con nuestros dentistas cualificados y de confianza!","canonical_url":"https:\/\/dentaldrphillips.com\/es\/cigna-dental-insurance-plans\/","robots":"max-image-preview:large","keywords":"","webmasterTools":{"miscellaneous":""},"schema":{"@context":"https:\/\/schema.org","@graph":[{"@type":"BreadcrumbList","@id":"https:\/\/dentaldrphillips.com\/es\/cigna-dental-insurance-plans\/#breadcrumblist","itemListElement":[{"@type":"ListItem","@id":"https:\/\/dentaldrphillips.com\/es#listItem","position":1,"name":"Home","item":"https:\/\/dentaldrphillips.com\/es","nextItem":{"@type":"ListItem","@id":"https:\/\/dentaldrphillips.com\/es\/cigna-dental-insurance-plans\/#listItem","name":"Cigna Healthcare Dental Insurance Plans"}},{"@type":"ListItem","@id":"https:\/\/dentaldrphillips.com\/es\/cigna-dental-insurance-plans\/#listItem","position":2,"name":"Cigna Healthcare Dental Insurance Plans","previousItem":{"@type":"ListItem","@id":"https:\/\/dentaldrphillips.com\/es#listItem","name":"Home"}}]},{"@type":"Organization","@id":"https:\/\/dentaldrphillips.com\/es\/#organization","name":"Dr. Phillips Dentistry","description":"Dr. Phillips Dentistry","url":"https:\/\/dentaldrphillips.com\/es\/","email":"contact@dentaldrphillips.com","telephone":"+14072263350","logo":{"@type":"ImageObject","url":"http:\/\/dentaldrphillips.com\/wp-content\/uploads\/2020\/10\/logo_squaare.jpg","@id":"https:\/\/dentaldrphillips.com\/es\/cigna-dental-insurance-plans\/#organizationLogo"},"image":{"@id":"https:\/\/dentaldrphillips.com\/es\/cigna-dental-insurance-plans\/#organizationLogo"},"address":{"@id":"https:\/\/dentaldrphillips.com\/es\/#postaladdress","@type":"PostalAddress","streetAddress":"7800 W Sand Lake Rd Suite 220,","postalCode":"32819","addressLocality":"Orlando","addressRegion":"Florida","addressCountry":"US"}},{"@type":"WebPage","@id":"https:\/\/dentaldrphillips.com\/es\/cigna-dental-insurance-plans\/#webpage","url":"https:\/\/dentaldrphillips.com\/es\/cigna-dental-insurance-plans\/","name":"Cigna Healthcare Dental Insurance Plans - Dr. Phillips Dentistry - Dentist Near You","description":"The insurance plans Dr. Phillips Dentistry accepts. Call 407-226-3350 today to schedule your appointment with our skilled and trusted dentists!","inLanguage":"es-ES","isPartOf":{"@id":"https:\/\/dentaldrphillips.com\/es\/#website"},"breadcrumb":{"@id":"https:\/\/dentaldrphillips.com\/es\/cigna-dental-insurance-plans\/#breadcrumblist"},"datePublished":"2023-06-20T19:37:11-04:00","dateModified":"2026-04-21T11:32:35-04:00"},{"@type":"WebSite","@id":"https:\/\/dentaldrphillips.com\/es\/#website","url":"https:\/\/dentaldrphillips.com\/es\/","name":"Dr. Phillips Dentistry","description":"Dr. Phillips Dentistry","inLanguage":"es-ES","publisher":{"@id":"https:\/\/dentaldrphillips.com\/es\/#organization"}}]},"og:locale":"es_ES","og:site_name":"Dr. Phillips Dentistry - Dr. Phillips Dentistry","og:type":"article","og:title":"Cigna Healthcare Dental Insurance Plans - Dr. Phillips Dentistry - Dentist Near You","og:description":"The insurance plans Dr. Phillips Dentistry accepts. Call 407-226-3350 today to schedule your appointment with our skilled and trusted dentists!","og:url":"https:\/\/dentaldrphillips.com\/es\/cigna-dental-insurance-plans\/","og:image":"https:\/\/dentaldrphillips.com\/wp-content\/uploads\/sites\/15\/2023\/11\/DPD.jpg","og:image:secure_url":"https:\/\/dentaldrphillips.com\/wp-content\/uploads\/sites\/15\/2023\/11\/DPD.jpg","og:image:width":1200,"og:image:height":630,"article:published_time":"2023-06-20T19:37:11+00:00","article:modified_time":"2026-04-21T15:32:35+00:00","twitter:card":"summary","twitter:title":"Cigna Healthcare Dental Insurance Plans - Dr. Phillips Dentistry - Dentist Near You","twitter:description":"The insurance plans Dr. Phillips Dentistry accepts. Call 407-226-3350 today to schedule your appointment with our skilled and trusted dentists!","twitter:image":"https:\/\/dentaldrphillips.com\/wp-content\/uploads\/sites\/15\/2023\/11\/DPD.jpg"},"aioseo_meta_data":{"post_id":"9284","title":null,"description":null,"keywords":null,"keyphrases":null,"primary_term":null,"canonical_url":null,"og_title":null,"og_description":null,"og_object_type":"default","og_image_type":"default","og_image_url":null,"og_image_width":null,"og_image_height":null,"og_image_custom_url":null,"og_image_custom_fields":null,"og_video":null,"og_custom_url":null,"og_article_section":null,"og_article_tags":null,"twitter_use_og":false,"twitter_card":"default","twitter_image_type":"default","twitter_image_url":null,"twitter_image_custom_url":null,"twitter_image_custom_fields":null,"twitter_title":null,"twitter_description":null,"schema":{"blockGraphs":[],"customGraphs":[],"default":{"data":{"Article":[],"Course":[],"Dataset":[],"FAQPage":[],"Movie":[],"Person":[],"Product":[],"ProductReview":[],"Car":[],"Recipe":[],"Service":[],"SoftwareApplication":[],"WebPage":[]},"graphName":"","isEnabled":true},"graphs":[]},"schema_type":"default","schema_type_options":null,"pillar_content":false,"robots_default":true,"robots_noindex":false,"robots_noarchive":false,"robots_nosnippet":false,"robots_nofollow":false,"robots_noimageindex":false,"robots_noodp":false,"robots_notranslate":false,"robots_max_snippet":null,"robots_max_videopreview":null,"robots_max_imagepreview":"large","priority":null,"frequency":null,"local_seo":null,"seo_analyzer_scan_date":"2026-04-21 16:15:31","breadcrumb_settings":null,"limit_modified_date":false,"reviewed_by":null,"open_ai":null,"ai":null,"created":"2023-10-18 17:11:57","updated":"2026-04-21 16:24:57"},"aioseo_breadcrumb":"<div class=\"aioseo-breadcrumbs\"><span class=\"aioseo-breadcrumb\">\n\t<a href=\"https:\/\/dentaldrphillips.com\/es\" title=\"Home\">Home<\/a>\n<\/span><span class=\"aioseo-breadcrumb-separator\">&raquo;<\/span><span class=\"aioseo-breadcrumb\">\n\tCigna Healthcare Dental Insurance Plans\n<\/span><\/div>","aioseo_breadcrumb_json":[{"label":"Home","link":"https:\/\/dentaldrphillips.com\/es"},{"label":"Cigna Healthcare Dental Insurance Plans","link":"https:\/\/dentaldrphillips.com\/es\/cigna-dental-insurance-plans\/"}],"_links":{"self":[{"href":"https:\/\/dentaldrphillips.com\/es\/wp-json\/wp\/v2\/pages\/9284","targetHints":{"allow":["GET"]}}],"collection":[{"href":"https:\/\/dentaldrphillips.com\/es\/wp-json\/wp\/v2\/pages"}],"about":[{"href":"https:\/\/dentaldrphillips.com\/es\/wp-json\/wp\/v2\/types\/page"}],"author":[{"embeddable":true,"href":"https:\/\/dentaldrphillips.com\/es\/wp-json\/wp\/v2\/users\/1"}],"replies":[{"embeddable":true,"href":"https:\/\/dentaldrphillips.com\/es\/wp-json\/wp\/v2\/comments?post=9284"}],"version-history":[{"count":0,"href":"https:\/\/dentaldrphillips.com\/es\/wp-json\/wp\/v2\/pages\/9284\/revisions"}],"wp:attachment":[{"href":"https:\/\/dentaldrphillips.com\/es\/wp-json\/wp\/v2\/media?parent=9284"}],"curies":[{"name":"wp","href":"https:\/\/api.w.org\/{rel}","templated":true}]}}