{"id":9278,"date":"2023-06-20T13:37:36","date_gmt":"2023-06-20T13:37:36","guid":{"rendered":"https:\/\/dentaldrphillips.com\/aetna-dental-insurance-plans\/"},"modified":"2026-04-01T12:20:37","modified_gmt":"2026-04-01T16:20:37","slug":"aetna-dental-insurance-plans","status":"publish","type":"page","link":"https:\/\/dentaldrphillips.com\/es\/aetna-dental-insurance-plans\/","title":{"rendered":"Planes de seguro dental de Aetna"},"content":{"rendered":"<div id=\"cs-content\" class=\"cs-content\"><div class=\"x-section e9278-e1 m75q-0 m75q-1 m75q-2 m75q-5 hero_video\" style=\"--tco-dc75q-1:rgb(91, 160, 98);\"><div class=\"x-bg\" aria-hidden=\"true\"><div class=\"x-bg-layer-lower-color\"><\/div><div class=\"x-bg-layer-upper-color\"><\/div><\/div><div class=\"x-row x-container max width e9278-e2 m75q-6 m75q-7 m75q-8 m75q-e m75q-f\"><div class=\"x-row-inner\"><div class=\"x-col e9278-e3 m75q-k m75q-l m75q-m m75q-n m75q-o\"><div class=\"x-div e9278-e4 m75q-t\"><div class=\"x-text x-content e9278-e5 m75q-u m75q-v m75q-w m75q-x m75q-y m75q-z\"><p class=\"p9px txt_white\">Se Habla Espa\u00f1ol<\/p><\/div><div class=\"x-text x-content e9278-e6 m75q-u m75q-v m75q-w m75q-x m75q-y m75q-z\"><p class=\"p9px txt_white\">Citas de urgencia disponibles<\/p><\/div><\/div><div class=\"x-text x-content e9278-e7 m75q-u m75q-w m75q-z m75q-10\"><a class=\"x-image\" href=\"\/es\/homepage\/\" style=\"outline: none;\"><img sizes=\"(max-width: 960px) 100vw, 960px\" srcset=\"https:\/\/dentaldrphillips.com\/wp-content\/uploads\/sites\/15\/2025\/09\/GPI-0128-001_DPD_White_960x328.png 960w, https:\/\/dentaldrphillips.com\/wp-content\/uploads\/sites\/15\/2025\/09\/GPI-0128-001_DPD_White_960x328-300x103.png 300w, https:\/\/dentaldrphillips.com\/wp-content\/uploads\/sites\/15\/2025\/09\/GPI-0128-001_DPD_White_960x328-768x262.png 768w, https:\/\/dentaldrphillips.com\/wp-content\/uploads\/sites\/15\/2025\/09\/GPI-0128-001_DPD_White_960x328-18x6.png 18w, https:\/\/dentaldrphillips.com\/wp-content\/uploads\/sites\/15\/2025\/09\/GPI-0128-001_DPD_White_960x328-100x34.png 100w\" decoding=\"async\" src=\"https:\/\/dentaldrphillips.com\/wp-content\/uploads\/sites\/15\/2025\/09\/GPI-0128-001_DPD_White_960x328.png\" width=\"455\" height=\"164\" alt=\"Dr. Phillips Dentistry Logo\" loading=\"lazy\"><\/a><\/div><\/div><\/div><\/div><div class=\"x-row x-container max width e9278-e8 m75q-6 m75q-8 m75q-9 m75q-e m75q-g\"><div class=\"x-row-inner\"><div class=\"x-col e9278-e9 m75q-k m75q-m m75q-n m75q-o m75q-p m75q-q\"><div class=\"x-text x-content e9278-e10 m75q-u m75q-w m75q-y m75q-11 m75q-12\"><h1 class=\"txt_white\">Aetna<sup>\u00ae<\/sup> Planes de seguro<\/h1><\/div><div class=\"x-text x-content e9278-e11 m75q-u m75q-w m75q-z m75q-10\"><p class=\"pdefault\"><a href=\"\/es\/insurances-we-accept\/#od_insuranceblock\" class=\"txt_white\">Volver a la p\u00e1gina de seguros<\/a><\/p><\/div><\/div><\/div><\/div><\/div><div class=\"x-section e9278-e12 m75q-0 m75q-3\" style=\"--tco-dc75q-3:rgba(186, 195, 146, .5);--tco-dc75q-6:rgba(186, 195, 146, .5);\"><div class=\"x-row x-container max width e9278-e13 m75q-6 m75q-8 m75q-a m75q-b m75q-e m75q-h\" style=\"--tco-dc75q-9:rgb(255, 255, 255);--tco-dc75q-c:rgb(255, 255, 255);\"><div class=\"x-row-inner\"><div class=\"x-col e9278-e14 m75q-k m75q-l m75q-o m75q-r\"><div class=\"x-text x-content e9278-e15 m75q-u m75q-w m75q-z m75q-11 m75q-13\"><h2>Dr. Phillips Odontolog\u00eda acepta la siguiente Aetna<sup>\u00ae<\/sup> Planes de seguro<\/h2><\/div><div class=\"x-text x-content e9278-e16 m75q-u m75q-v m75q-w m75q-z m75q-14 m75q-15\"><ul>\r\n\t<li class=\"ins_li\" data-no-translation=\"\" data-no-auto-translation=\"\">Aetna HealthFund<sup>\u00ae<\/sup> with Dental\/Aetna DentalFund<sup>\u00ae<\/sup> with PPO II Network<\/li>\r\n\t<li class=\"ins_li\" data-no-translation=\"\" data-no-auto-translation=\"\">Aetna<sup>\u00ae<\/sup> Exclusive Provider Plan (EPP) with PPO II Network<\/li>\r\n\t<li class=\"ins_li\" data-no-translation=\"\" data-no-auto-translation=\"\">Aetna<sup>\u00ae<\/sup> Dental Direct PPO\/PDN<\/li>\r\n\t<li class=\"ins_li\" data-no-translation=\"\" data-no-auto-translation=\"\">Aetna<sup>\u00ae<\/sup> Dental PPO\/PDN with PPO II and Extend Network<\/li>\r\n\t<li class=\"ins_li\" data-no-translation=\"\" data-no-auto-translation=\"\">Aetna<sup>\u00ae<\/sup> Dental PPO\/PDN with PPO II Network Network<\/li>\r\n<\/ul><\/div><div class=\"x-text x-content e9278-e17 m75q-u m75q-v m75q-w m75q-z m75q-14\"><p class=\"pdefault\"><b>Si no encuentra su seguro aqu\u00ed, por favor <a href=\"\/es\/contact-us\/\">Contacto<\/a> para ayudarle m\u00e1s.<\/b> <i>Tenga en cuenta que actualmente no aceptamos Medicaid ni planes HMO.<\/i><\/p><\/div><div class=\"x-text x-content e9278-e18 m75q-u m75q-v m75q-w m75q-z m75q-14\"><p class=\"pdefault\"><a href=\"\/es\/insurances-we-accept\/#od_insuranceblock\"class=\"txt_under\">Volver a la p\u00e1gina de seguros<\/a><\/p><\/div><\/div><\/div><\/div><div class=\"x-row x-container max width e9278-e19 m75q-6 m75q-8 m75q-a m75q-c m75q-e m75q-i\" style=\"--tco-dc75q-f:rgb(255, 255, 255);--tco-dc75q-i:rgb(255, 255, 255);--tco-dc75q-l:rgb(255, 255, 255);\"><div class=\"x-row-inner\"><div class=\"x-col e9278-e20 m75q-o m75q-s\"><div class=\"x-text x-content e9278-e21 m75q-u m75q-v m75q-14 m75q-16\"><p class=\"pdefault\">Aetna es un proveedor de seguros dentales bien establecido que ofrece cobertura patrocinada por la empresa para particulares y familias. La extensa red de Aetna est\u00e1 formada por una amplia gama de profesionales dentales, incluidos dentistas, ortodoncistas y cirujanos orales, lo que garantiza que los miembros tengan acceso a una atenci\u00f3n de calidad en su zona. Aetna fomenta las revisiones peri\u00f3dicas, las limpiezas y otros tratamientos preventivos para mantener una buena salud bucodental. Estos servicios preventivos suelen estar cubiertos al 100% o con un copago bajo, lo que fomenta las visitas regulares al dentista y el mantenimiento de la salud bucodental.<\/p>\n<p class=\"pdefault\">Adem\u00e1s, Aetna ofrece ventajas competitivas como funciones de ahorro de costes, programas de recompensas, opciones de planes flexibles y c\u00f3modas herramientas en l\u00ednea para gestionar los beneficios, lo que facilita a los miembros la navegaci\u00f3n y la maximizaci\u00f3n de su cobertura de seguro dental.<\/p>\n<p class=\"pdefault\">Para m\u00e1s informaci\u00f3n, <a href=\"https:\/\/www.aetna.com\/individuals-families\/dental-insurance-through-work.html\" target=\"_new\">haga clic aqu\u00ed para visitar su sitio web.<\/a><\/p><\/div><\/div><div class=\"x-col e9278-e22 m75q-k m75q-m m75q-o m75q-p\"><span class=\"x-image e9278-e23 m75q-17\"><img sizes=\"(max-width: 509px) 100vw, 509px\" srcset=\"https:\/\/dentaldrphillips.com\/wp-content\/uploads\/sites\/15\/2023\/06\/aetna.png 509w, https:\/\/dentaldrphillips.com\/wp-content\/uploads\/sites\/15\/2023\/06\/aetna-300x58.jpg 300w, https:\/\/dentaldrphillips.com\/wp-content\/uploads\/sites\/15\/2023\/06\/aetna-18x4.jpg 18w, https:\/\/dentaldrphillips.com\/wp-content\/uploads\/sites\/15\/2023\/06\/aetna-100x19.jpg 100w\" decoding=\"async\" src=\"https:\/\/dentaldrphillips.com\/wp-content\/uploads\/sites\/15\/2023\/06\/aetna.png\" width=\"509\" height=\"99\" alt=\"A purple heart symbol followed by the word aetna in lowercase purple letters, with a registered trademark symbol next to the word.\"><\/span><\/div><\/div><\/div><\/div><div class=\"x-section e9278-e24 m75q-0 m75q-1 m75q-4\"><div class=\"x-row e9278-e25 m75q-6 m75q-d m75q-e m75q-j\"><div class=\"x-row-inner\"><div class=\"x-col e9278-e26 m75q-o\"><div class=\"cs-content x-global-block x-global-block-9393 e9393-e0\"><div class=\"x-section e9393-e2 m78x-0\" style=\"--tco-dc78x-1:rgb(255, 255, 255);--tco-dc78x-4:rgb(255, 255, 255);\"><div class=\"x-row x-container max width e9393-e3 m78x-1 m78x-2 m78x-3\"><div class=\"x-row-inner\"><div class=\"x-col e9393-e4 m78x-5 m78x-6 m78x-7\"><div class=\"x-text x-content e9393-e5 m78x-a m78x-b\"><h2>Opciones de pago flexibles<\/h2>\n<h3>Para una atenci\u00f3n dental de alta calidad en Orlando<\/h3><\/div><div class=\"x-text x-content e9393-e6 m78x-a m78x-c\"><p class=\"pdefault\">Para su comodidad, el Dr. Phillips Odontolog\u00eda acepta:<\/p>\n\n<ul>\n \t<li class=\"pdefault\">Una amplia gama de planes de seguro dental PPO -<span>\u00a0<\/span><a href=\"\/es\/insurances-we-accept\/\" target=\"_self\"><b>pulse aqu\u00ed<\/b> para ver qu\u00e9 seguros aceptamos<\/a><\/li>\n \t<li class=\"pdefault\">Plan interno de descuentos y ofertas especiales para pacientes sin seguro m\u00e9dico<\/li>\n \t<li class=\"pdefault\">Efectivo y cheque<\/li>\n \t<li class=\"pdefault\">Todas las principales tarjetas de cr\u00e9dito, incluidas MasterCard, VISA, Discover, American Express, etc.<\/li>\n<\/ul>\n<p class=\"pdefault\"><b>NO aceptamos planes HMO ni Medicaid.<\/b><\/p><\/div><\/div><div class=\"x-col e9393-e7 m78x-5 m78x-8 m78x-9\"><a class=\"x-image e9393-e8 m78x-e\" href=\"https:\/\/apply.sunbit.com\/DrPhillipsDentistry\" target=\"_blank\" rel=\"noopener noreferrer\"><img sizes=\"(max-width: 600px) 100vw, 600px\" srcset=\"https:\/\/dentaldrphillips.com\/wp-content\/uploads\/sites\/15\/2025\/11\/Dntl_Web_600x500-1.png 600w, https:\/\/dentaldrphillips.com\/wp-content\/uploads\/sites\/15\/2025\/11\/Dntl_Web_600x500-1-300x250.png 300w, https:\/\/dentaldrphillips.com\/wp-content\/uploads\/sites\/15\/2025\/11\/Dntl_Web_600x500-1-14x12.png 14w, https:\/\/dentaldrphillips.com\/wp-content\/uploads\/sites\/15\/2025\/11\/Dntl_Web_600x500-1-100x83.png 100w\" decoding=\"async\" src=\"https:\/\/dentaldrphillips.com\/wp-content\/uploads\/sites\/15\/2025\/11\/Dntl_Web_600x500-1.png\" width=\"300\" height=\"250\" alt=\"Smile now, Pay-over-time with sunbit\"><\/a><\/div><\/div><\/div><\/div><\/div><\/div><\/div><\/div><\/div><\/div>","protected":false},"excerpt":{"rendered":"<p>Los planes de seguro Dr. Phillips Odontolog\u00eda acepta. \u00a1Llame al 407-226-3350 hoy para programar su cita con nuestros dentistas cualificados y de confianza!<\/p>","protected":false},"author":1,"featured_media":0,"parent":0,"menu_order":0,"comment_status":"closed","ping_status":"closed","template":"template-blank-4.php","meta":{"footnotes":""},"class_list":["post-9278","page","type-page","status-publish","hentry","no-post-thumbnail"],"aioseo_notices":[],"aioseo_head":"\n\t\t<!-- All in One SEO Pro 4.9.5.1 - aioseo.com -->\n\t<meta name=\"description\" content=\"The insurance plans Dr. Phillips Dentistry accepts. Call 407-226-3350 today to schedule your appointment with our skilled and trusted dentists!\" \/>\n\t<meta name=\"robots\" content=\"max-image-preview:large\" \/>\n\t<link rel=\"canonical\" href=\"https:\/\/dentaldrphillips.com\/es\/aetna-dental-insurance-plans\/\" \/>\n\t<meta name=\"generator\" content=\"All in One SEO Pro (AIOSEO) 4.9.5.1\" \/>\n\t\t<meta property=\"og:locale\" content=\"es_ES\" \/>\n\t\t<meta property=\"og:site_name\" content=\"Dr. Phillips Dentistry - Dr. Phillips Dentistry\" \/>\n\t\t<meta property=\"og:type\" content=\"article\" \/>\n\t\t<meta property=\"og:title\" content=\"Aetna Dental Insurance Plans - Dr. Phillips Dentistry - Dentist Near You\" \/>\n\t\t<meta property=\"og:description\" content=\"The insurance plans Dr. Phillips Dentistry accepts. Call 407-226-3350 today to schedule your appointment with our skilled and trusted dentists!\" \/>\n\t\t<meta property=\"og:url\" content=\"https:\/\/dentaldrphillips.com\/es\/aetna-dental-insurance-plans\/\" \/>\n\t\t<meta property=\"og:image\" content=\"https:\/\/dentaldrphillips.com\/wp-content\/uploads\/sites\/15\/2023\/11\/DPD.jpg\" \/>\n\t\t<meta property=\"og:image:secure_url\" content=\"https:\/\/dentaldrphillips.com\/wp-content\/uploads\/sites\/15\/2023\/11\/DPD.jpg\" \/>\n\t\t<meta property=\"og:image:width\" content=\"1200\" \/>\n\t\t<meta property=\"og:image:height\" content=\"630\" \/>\n\t\t<meta property=\"article:published_time\" content=\"2023-06-20T13:37:36+00:00\" \/>\n\t\t<meta property=\"article:modified_time\" content=\"2026-04-01T16:20:37+00:00\" \/>\n\t\t<meta name=\"twitter:card\" content=\"summary\" \/>\n\t\t<meta name=\"twitter:title\" content=\"Aetna Dental Insurance Plans - Dr. Phillips Dentistry - Dentist Near You\" \/>\n\t\t<meta name=\"twitter:description\" content=\"The insurance plans Dr. Phillips Dentistry accepts. Call 407-226-3350 today to schedule your appointment with our skilled and trusted dentists!\" \/>\n\t\t<meta name=\"twitter:image\" content=\"https:\/\/dentaldrphillips.com\/wp-content\/uploads\/sites\/15\/2023\/11\/DPD.jpg\" \/>\n\t\t<script type=\"application\/ld+json\" class=\"aioseo-schema\">\n\t\t\t{\"@context\":\"https:\\\/\\\/schema.org\",\"@graph\":[{\"@type\":\"BreadcrumbList\",\"@id\":\"https:\\\/\\\/dentaldrphillips.com\\\/es\\\/aetna-dental-insurance-plans\\\/#breadcrumblist\",\"itemListElement\":[{\"@type\":\"ListItem\",\"@id\":\"https:\\\/\\\/dentaldrphillips.com\\\/es#listItem\",\"position\":1,\"name\":\"Home\",\"item\":\"https:\\\/\\\/dentaldrphillips.com\\\/es\",\"nextItem\":{\"@type\":\"ListItem\",\"@id\":\"https:\\\/\\\/dentaldrphillips.com\\\/es\\\/aetna-dental-insurance-plans\\\/#listItem\",\"name\":\"Aetna Dental Insurance Plans\"}},{\"@type\":\"ListItem\",\"@id\":\"https:\\\/\\\/dentaldrphillips.com\\\/es\\\/aetna-dental-insurance-plans\\\/#listItem\",\"position\":2,\"name\":\"Aetna Dental Insurance Plans\",\"previousItem\":{\"@type\":\"ListItem\",\"@id\":\"https:\\\/\\\/dentaldrphillips.com\\\/es#listItem\",\"name\":\"Home\"}}]},{\"@type\":\"Organization\",\"@id\":\"https:\\\/\\\/dentaldrphillips.com\\\/es\\\/#organization\",\"name\":\"Dr. Phillips Dentistry\",\"description\":\"Dr. Phillips Dentistry\",\"url\":\"https:\\\/\\\/dentaldrphillips.com\\\/es\\\/\",\"email\":\"contact@dentaldrphillips.com\",\"telephone\":\"+14072263350\",\"logo\":{\"@type\":\"ImageObject\",\"url\":\"http:\\\/\\\/dentaldrphillips.com\\\/wp-content\\\/uploads\\\/2020\\\/10\\\/logo_squaare.jpg\",\"@id\":\"https:\\\/\\\/dentaldrphillips.com\\\/es\\\/aetna-dental-insurance-plans\\\/#organizationLogo\"},\"image\":{\"@id\":\"https:\\\/\\\/dentaldrphillips.com\\\/es\\\/aetna-dental-insurance-plans\\\/#organizationLogo\"},\"address\":{\"@id\":\"https:\\\/\\\/dentaldrphillips.com\\\/es\\\/#postaladdress\",\"@type\":\"PostalAddress\",\"streetAddress\":\"7800 W Sand Lake Rd Suite 220,\",\"postalCode\":\"32819\",\"addressLocality\":\"Orlando\",\"addressRegion\":\"Florida\",\"addressCountry\":\"US\"}},{\"@type\":\"WebPage\",\"@id\":\"https:\\\/\\\/dentaldrphillips.com\\\/es\\\/aetna-dental-insurance-plans\\\/#webpage\",\"url\":\"https:\\\/\\\/dentaldrphillips.com\\\/es\\\/aetna-dental-insurance-plans\\\/\",\"name\":\"Aetna Dental Insurance Plans - Dr. Phillips Dentistry - Dentist Near You\",\"description\":\"The insurance plans Dr. Phillips Dentistry accepts. Call 407-226-3350 today to schedule your appointment with our skilled and trusted dentists!\",\"inLanguage\":\"es-ES\",\"isPartOf\":{\"@id\":\"https:\\\/\\\/dentaldrphillips.com\\\/es\\\/#website\"},\"breadcrumb\":{\"@id\":\"https:\\\/\\\/dentaldrphillips.com\\\/es\\\/aetna-dental-insurance-plans\\\/#breadcrumblist\"},\"datePublished\":\"2023-06-20T13:37:36-04:00\",\"dateModified\":\"2026-04-01T12:20:37-04:00\"},{\"@type\":\"WebSite\",\"@id\":\"https:\\\/\\\/dentaldrphillips.com\\\/es\\\/#website\",\"url\":\"https:\\\/\\\/dentaldrphillips.com\\\/es\\\/\",\"name\":\"Dr. Phillips Dentistry\",\"description\":\"Dr. Phillips Dentistry\",\"inLanguage\":\"es-ES\",\"publisher\":{\"@id\":\"https:\\\/\\\/dentaldrphillips.com\\\/es\\\/#organization\"}}]}\n\t\t<\/script>\n\t\t<!-- All in One SEO Pro -->\r\n\t\t<title>Aetna Dental Insurance Plans - Dr. Phillips Dentistry - Dentist Near You<\/title>\n\n","aioseo_head_json":{"title":"Planes de seguro dental Aetna - Dr. Phillips Dentistry - Dentista cerca de usted","description":"Los planes de seguro Dr. Phillips Odontolog\u00eda acepta. \u00a1Llame al 407-226-3350 hoy para programar su cita con nuestros dentistas cualificados y de confianza!","canonical_url":"https:\/\/dentaldrphillips.com\/es\/aetna-dental-insurance-plans\/","robots":"max-image-preview:large","keywords":"","webmasterTools":{"miscellaneous":""},"schema":{"@context":"https:\/\/schema.org","@graph":[{"@type":"BreadcrumbList","@id":"https:\/\/dentaldrphillips.com\/es\/aetna-dental-insurance-plans\/#breadcrumblist","itemListElement":[{"@type":"ListItem","@id":"https:\/\/dentaldrphillips.com\/es#listItem","position":1,"name":"Home","item":"https:\/\/dentaldrphillips.com\/es","nextItem":{"@type":"ListItem","@id":"https:\/\/dentaldrphillips.com\/es\/aetna-dental-insurance-plans\/#listItem","name":"Aetna Dental Insurance Plans"}},{"@type":"ListItem","@id":"https:\/\/dentaldrphillips.com\/es\/aetna-dental-insurance-plans\/#listItem","position":2,"name":"Aetna Dental Insurance Plans","previousItem":{"@type":"ListItem","@id":"https:\/\/dentaldrphillips.com\/es#listItem","name":"Home"}}]},{"@type":"Organization","@id":"https:\/\/dentaldrphillips.com\/es\/#organization","name":"Dr. Phillips Dentistry","description":"Dr. Phillips Dentistry","url":"https:\/\/dentaldrphillips.com\/es\/","email":"contact@dentaldrphillips.com","telephone":"+14072263350","logo":{"@type":"ImageObject","url":"http:\/\/dentaldrphillips.com\/wp-content\/uploads\/2020\/10\/logo_squaare.jpg","@id":"https:\/\/dentaldrphillips.com\/es\/aetna-dental-insurance-plans\/#organizationLogo"},"image":{"@id":"https:\/\/dentaldrphillips.com\/es\/aetna-dental-insurance-plans\/#organizationLogo"},"address":{"@id":"https:\/\/dentaldrphillips.com\/es\/#postaladdress","@type":"PostalAddress","streetAddress":"7800 W Sand Lake Rd Suite 220,","postalCode":"32819","addressLocality":"Orlando","addressRegion":"Florida","addressCountry":"US"}},{"@type":"WebPage","@id":"https:\/\/dentaldrphillips.com\/es\/aetna-dental-insurance-plans\/#webpage","url":"https:\/\/dentaldrphillips.com\/es\/aetna-dental-insurance-plans\/","name":"Aetna Dental Insurance Plans - Dr. Phillips Dentistry - Dentist Near You","description":"The insurance plans Dr. Phillips Dentistry accepts. Call 407-226-3350 today to schedule your appointment with our skilled and trusted dentists!","inLanguage":"es-ES","isPartOf":{"@id":"https:\/\/dentaldrphillips.com\/es\/#website"},"breadcrumb":{"@id":"https:\/\/dentaldrphillips.com\/es\/aetna-dental-insurance-plans\/#breadcrumblist"},"datePublished":"2023-06-20T13:37:36-04:00","dateModified":"2026-04-01T12:20:37-04:00"},{"@type":"WebSite","@id":"https:\/\/dentaldrphillips.com\/es\/#website","url":"https:\/\/dentaldrphillips.com\/es\/","name":"Dr. Phillips Dentistry","description":"Dr. Phillips Dentistry","inLanguage":"es-ES","publisher":{"@id":"https:\/\/dentaldrphillips.com\/es\/#organization"}}]},"og:locale":"es_ES","og:site_name":"Dr. Phillips Dentistry - Dr. Phillips Dentistry","og:type":"article","og:title":"Aetna Dental Insurance Plans - Dr. Phillips Dentistry - Dentist Near You","og:description":"The insurance plans Dr. Phillips Dentistry accepts. Call 407-226-3350 today to schedule your appointment with our skilled and trusted dentists!","og:url":"https:\/\/dentaldrphillips.com\/es\/aetna-dental-insurance-plans\/","og:image":"https:\/\/dentaldrphillips.com\/wp-content\/uploads\/sites\/15\/2023\/11\/DPD.jpg","og:image:secure_url":"https:\/\/dentaldrphillips.com\/wp-content\/uploads\/sites\/15\/2023\/11\/DPD.jpg","og:image:width":1200,"og:image:height":630,"article:published_time":"2023-06-20T13:37:36+00:00","article:modified_time":"2026-04-01T16:20:37+00:00","twitter:card":"summary","twitter:title":"Aetna Dental Insurance Plans - Dr. Phillips Dentistry - Dentist Near You","twitter:description":"The insurance plans Dr. Phillips Dentistry accepts. Call 407-226-3350 today to schedule your appointment with our skilled and trusted dentists!","twitter:image":"https:\/\/dentaldrphillips.com\/wp-content\/uploads\/sites\/15\/2023\/11\/DPD.jpg"},"aioseo_meta_data":{"post_id":"9278","title":null,"description":null,"keywords":null,"keyphrases":null,"primary_term":null,"canonical_url":null,"og_title":null,"og_description":null,"og_object_type":"default","og_image_type":"default","og_image_url":null,"og_image_width":null,"og_image_height":null,"og_image_custom_url":null,"og_image_custom_fields":null,"og_video":null,"og_custom_url":null,"og_article_section":null,"og_article_tags":null,"twitter_use_og":false,"twitter_card":"default","twitter_image_type":"default","twitter_image_url":null,"twitter_image_custom_url":null,"twitter_image_custom_fields":null,"twitter_title":null,"twitter_description":null,"schema":{"blockGraphs":[],"customGraphs":[],"default":{"data":{"Article":[],"Course":[],"Dataset":[],"FAQPage":[],"Movie":[],"Person":[],"Product":[],"ProductReview":[],"Car":[],"Recipe":[],"Service":[],"SoftwareApplication":[],"WebPage":[]},"graphName":"","isEnabled":true},"graphs":[]},"schema_type":"default","schema_type_options":null,"pillar_content":false,"robots_default":true,"robots_noindex":false,"robots_noarchive":false,"robots_nosnippet":false,"robots_nofollow":false,"robots_noimageindex":false,"robots_noodp":false,"robots_notranslate":false,"robots_max_snippet":null,"robots_max_videopreview":null,"robots_max_imagepreview":"large","priority":null,"frequency":null,"local_seo":null,"seo_analyzer_scan_date":"2026-04-01 16:52:41","breadcrumb_settings":null,"limit_modified_date":false,"reviewed_by":null,"open_ai":null,"ai":null,"created":"2023-10-18 17:11:57","updated":"2026-04-01 17:35:58"},"aioseo_breadcrumb":"<div class=\"aioseo-breadcrumbs\"><span class=\"aioseo-breadcrumb\">\n\t<a href=\"https:\/\/dentaldrphillips.com\/es\" title=\"Home\">Home<\/a>\n<\/span><span class=\"aioseo-breadcrumb-separator\">&raquo;<\/span><span class=\"aioseo-breadcrumb\">\n\tAetna Dental Insurance Plans\n<\/span><\/div>","aioseo_breadcrumb_json":[{"label":"Home","link":"https:\/\/dentaldrphillips.com\/es"},{"label":"Aetna Dental Insurance Plans","link":"https:\/\/dentaldrphillips.com\/es\/aetna-dental-insurance-plans\/"}],"_links":{"self":[{"href":"https:\/\/dentaldrphillips.com\/es\/wp-json\/wp\/v2\/pages\/9278","targetHints":{"allow":["GET"]}}],"collection":[{"href":"https:\/\/dentaldrphillips.com\/es\/wp-json\/wp\/v2\/pages"}],"about":[{"href":"https:\/\/dentaldrphillips.com\/es\/wp-json\/wp\/v2\/types\/page"}],"author":[{"embeddable":true,"href":"https:\/\/dentaldrphillips.com\/es\/wp-json\/wp\/v2\/users\/1"}],"replies":[{"embeddable":true,"href":"https:\/\/dentaldrphillips.com\/es\/wp-json\/wp\/v2\/comments?post=9278"}],"version-history":[{"count":6,"href":"https:\/\/dentaldrphillips.com\/es\/wp-json\/wp\/v2\/pages\/9278\/revisions"}],"predecessor-version":[{"id":10892,"href":"https:\/\/dentaldrphillips.com\/es\/wp-json\/wp\/v2\/pages\/9278\/revisions\/10892"}],"wp:attachment":[{"href":"https:\/\/dentaldrphillips.com\/es\/wp-json\/wp\/v2\/media?parent=9278"}],"curies":[{"name":"wp","href":"https:\/\/api.w.org\/{rel}","templated":true}]}}